{"id":75,"date":"2025-05-27T10:56:50","date_gmt":"2025-05-27T15:56:50","guid":{"rendered":"https:\/\/drborjacirujanopercutaneo.com\/?page_id=75"},"modified":"2025-06-18T10:58:25","modified_gmt":"2025-06-18T15:58:25","slug":"procedimientos","status":"publish","type":"page","link":"https:\/\/drborjacirujanopercutaneo.com\/?page_id=75","title":{"rendered":"Procedimientos"},"content":{"rendered":"\t\t<div data-elementor-type=\"wp-page\" data-elementor-id=\"75\" class=\"elementor elementor-75\">\n\t\t\t\t<div class=\"elementor-element elementor-element-d6e9af9 e-flex e-con-boxed e-con e-parent\" data-id=\"d6e9af9\" data-element_type=\"container\" data-e-type=\"container\">\n\t\t\t\t\t<div class=\"e-con-inner\">\n\t\t\t\t<div class=\"elementor-element elementor-element-dc1db5a elementor-cta--skin-classic elementor-animated-content elementor-bg-transform elementor-bg-transform-zoom-in elementor-widget elementor-widget-call-to-action\" data-id=\"dc1db5a\" data-element_type=\"widget\" data-e-type=\"widget\" data-widget_type=\"call-to-action.default\">\n\t\t\t\t<div class=\"elementor-widget-container\">\n\t\t\t\t\t\t\t<div class=\"elementor-cta\">\n\t\t\t\t\t<div class=\"elementor-cta__bg-wrapper\">\n\t\t\t\t<div class=\"elementor-cta__bg elementor-bg\" style=\"background-image: url(https:\/\/drborjacirujanopercutaneo.com\/wp-content\/uploads\/2025\/05\/WhatsApp-Image-2025-05-19-at-5.28.18-PM-1.jpeg);\"><\/div>\n\t\t\t\t<div class=\"elementor-cta__bg-overlay\"><\/div>\n\t\t\t<\/div>\n\t\t\t\t\t\t\t<div class=\"elementor-cta__content\">\n\t\t\t\t\n\t\t\t\t<h1 class=\"elementor-cta__title elementor-cta__content-item elementor-content-item\">Syglass<\/h1>\n\t\t\t\t\t\t\t\t\t<div class=\"elementor-cta__description elementor-cta__content-item elementor-content-item\">\n\t\t\t\t\t\tLa tecnolog\u00eda <b>SpyGlass<\/b> ha revolucionado la forma en que los especialistas acceden..\t\t\t\t\t<\/div>\n\t\t\t\t\n\t\t\t\t\t\t\t\t\t<div class=\"elementor-cta__button-wrapper elementor-cta__content-item elementor-content-item \">\n\t\t\t\t\t<a class=\"elementor-cta__button elementor-button elementor-size-sm\" href=\"https:\/\/drborjacirujanopercutaneo.com\/?page_id=95\">\n\t\t\t\t\t\tM\u00e1s informaci\u00f3n\t\t\t\t\t<\/a>\n\t\t\t\t\t<\/div>\n\t\t\t\t\t\t\t<\/div>\n\t\t\t\t\t\t<\/div>\n\t\t\t\t\t\t<\/div>\n\t\t\t\t<\/div>\n\t\t\t\t<div class=\"elementor-element elementor-element-120c5a7 elementor-cta--skin-classic elementor-animated-content elementor-bg-transform elementor-bg-transform-zoom-in elementor-widget elementor-widget-call-to-action\" data-id=\"120c5a7\" data-element_type=\"widget\" data-e-type=\"widget\" data-widget_type=\"call-to-action.default\">\n\t\t\t\t<div class=\"elementor-widget-container\">\n\t\t\t\t\t\t\t<div class=\"elementor-cta\">\n\t\t\t\t\t<div class=\"elementor-cta__bg-wrapper\">\n\t\t\t\t<div class=\"elementor-cta__bg elementor-bg\" style=\"background-image: url(https:\/\/drborjacirujanopercutaneo.com\/wp-content\/uploads\/2025\/05\/WhatsApp-Image-2025-05-19-at-5.35.19-PM-1-1024x768.jpeg);\"><\/div>\n\t\t\t\t<div class=\"elementor-cta__bg-overlay\"><\/div>\n\t\t\t<\/div>\n\t\t\t\t\t\t\t<div class=\"elementor-cta__content\">\n\t\t\t\t\n\t\t\t\t<h1 class=\"elementor-cta__title elementor-cta__content-item elementor-content-item\">PAAF<\/h1>\n\t\t\t\t\t\t\t\t\t<div class=\"elementor-cta__description elementor-cta__content-item elementor-content-item\">\n\t\t\t\t\t\tLa PAAF <b>(Punci\u00f3n Aspiraci\u00f3n con Aguja Fina)<\/b> es un procedimiento m\u00e9dico m\u00ednimamente invasivo...\t\t\t\t\t<\/div>\n\t\t\t\t\n\t\t\t\t\t\t\t\t\t<div class=\"elementor-cta__button-wrapper elementor-cta__content-item elementor-content-item \">\n\t\t\t\t\t<a class=\"elementor-cta__button elementor-button elementor-size-sm\" href=\"https:\/\/drborjacirujanopercutaneo.com\/?page_id=93\">\n\t\t\t\t\t\tM\u00e1s informaci\u00f3n\t\t\t\t\t<\/a>\n\t\t\t\t\t<\/div>\n\t\t\t\t\t\t\t<\/div>\n\t\t\t\t\t\t<\/div>\n\t\t\t\t\t\t<\/div>\n\t\t\t\t<\/div>\n\t\t\t\t<div class=\"elementor-element elementor-element-480ca08 elementor-cta--skin-classic elementor-animated-content elementor-bg-transform elementor-bg-transform-zoom-in elementor-widget elementor-widget-call-to-action\" data-id=\"480ca08\" data-element_type=\"widget\" data-e-type=\"widget\" data-widget_type=\"call-to-action.default\">\n\t\t\t\t<div class=\"elementor-widget-container\">\n\t\t\t\t\t\t\t<div class=\"elementor-cta\">\n\t\t\t\t\t<div class=\"elementor-cta__bg-wrapper\">\n\t\t\t\t<div class=\"elementor-cta__bg elementor-bg\" style=\"background-image: url(https:\/\/drborjacirujanopercutaneo.com\/wp-content\/uploads\/2025\/05\/WhatsApp-Image-2025-05-19-at-5.28.17-PM-1024x681.jpeg);\"><\/div>\n\t\t\t\t<div class=\"elementor-cta__bg-overlay\"><\/div>\n\t\t\t<\/div>\n\t\t\t\t\t\t\t<div class=\"elementor-cta__content\">\n\t\t\t\t\n\t\t\t\t<h1 class=\"elementor-cta__title elementor-cta__content-item elementor-content-item\">Drenaje de colecciones <\/h1>\n\t\t\t\t\t\t\t\t\t<div class=\"elementor-cta__description elementor-cta__content-item elementor-content-item\">\n\t\t\t\t\t\tEl <b>drenaje de colecciones es un procedimiento m\u00e9dico<\/b> clave en el tratamiento de<b> infecciones abdominales<\/b>...\t\t\t\t\t<\/div>\n\t\t\t\t\n\t\t\t\t\t\t\t\t\t<div class=\"elementor-cta__button-wrapper elementor-cta__content-item elementor-content-item \">\n\t\t\t\t\t<a class=\"elementor-cta__button elementor-button elementor-size-sm\" href=\"https:\/\/drborjacirujanopercutaneo.com\/?page_id=87\">\n\t\t\t\t\t\tM\u00e1s informaci\u00f3n\t\t\t\t\t<\/a>\n\t\t\t\t\t<\/div>\n\t\t\t\t\t\t\t<\/div>\n\t\t\t\t\t\t<\/div>\n\t\t\t\t\t\t<\/div>\n\t\t\t\t<\/div>\n\t\t\t\t<div class=\"elementor-element elementor-element-620ca0f elementor-cta--skin-classic elementor-animated-content elementor-bg-transform elementor-bg-transform-zoom-in elementor-widget elementor-widget-call-to-action\" data-id=\"620ca0f\" data-element_type=\"widget\" data-e-type=\"widget\" data-widget_type=\"call-to-action.default\">\n\t\t\t\t<div class=\"elementor-widget-container\">\n\t\t\t\t\t\t\t<div class=\"elementor-cta\">\n\t\t\t\t\t<div class=\"elementor-cta__bg-wrapper\">\n\t\t\t\t<div class=\"elementor-cta__bg elementor-bg\" style=\"background-image: url(https:\/\/drborjacirujanopercutaneo.com\/wp-content\/uploads\/2025\/05\/vista-interior-de-la-sala-de-operaciones-1024x683.jpg);\"><\/div>\n\t\t\t\t<div class=\"elementor-cta__bg-overlay\"><\/div>\n\t\t\t<\/div>\n\t\t\t\t\t\t\t<div class=\"elementor-cta__content\">\n\t\t\t\t\n\t\t\t\t<h1 class=\"elementor-cta__title elementor-cta__content-item elementor-content-item\">Necrosectomia<\/h1>\n\t\t\t\t\t\t\t\t\t<div class=\"elementor-cta__description elementor-cta__content-item elementor-content-item\">\n\t\t\t\t\t\tLa <b>necrosectom\u00eda<\/b> es un <b>procedimiento especializado que se utiliza para tratar la necrosis pancre\u00e1tica<\/b>...\t\t\t\t\t<\/div>\n\t\t\t\t\n\t\t\t\t\t\t\t\t\t<div class=\"elementor-cta__button-wrapper elementor-cta__content-item elementor-content-item \">\n\t\t\t\t\t<a class=\"elementor-cta__button elementor-button elementor-size-sm\" href=\"https:\/\/drborjacirujanopercutaneo.com\/?page_id=85\">\n\t\t\t\t\t\tM\u00e1s informaci\u00f3n\t\t\t\t\t<\/a>\n\t\t\t\t\t<\/div>\n\t\t\t\t\t\t\t<\/div>\n\t\t\t\t\t\t<\/div>\n\t\t\t\t\t\t<\/div>\n\t\t\t\t<\/div>\n\t\t\t\t\t<\/div>\n\t\t\t\t<\/div>\n\t\t\t\t<\/div>\n\t\t","protected":false},"excerpt":{"rendered":"<p>Syglass La tecnolog\u00eda SpyGlass ha revolucionado la forma en que los especialistas acceden.. M\u00e1s informaci\u00f3n PAAF La PAAF (Punci\u00f3n Aspiraci\u00f3n [&hellip;]<\/p>\n","protected":false},"author":1,"featured_media":0,"parent":0,"menu_order":0,"comment_status":"closed","ping_status":"closed","template":"","meta":{"site-sidebar-layout":"no-sidebar","site-content-layout":"","ast-site-content-layout":"full-width-container","site-content-style":"default","site-sidebar-style":"default","ast-global-header-display":"","ast-banner-title-visibility":"","ast-main-header-display":"","ast-hfb-above-header-display":"","ast-hfb-below-header-display":"","ast-hfb-mobile-header-display":"","site-post-title":"disabled","ast-breadcrumbs-content":"","ast-featured-img":"disabled","footer-sml-layout":"","ast-disable-related-posts":"","theme-transparent-header-meta":"","adv-header-id-meta":"","stick-header-meta":"","header-above-stick-meta":"","header-main-stick-meta":"","header-below-stick-meta":"","astra-migrate-meta-layouts":"default","ast-page-background-enabled":"default","ast-page-background-meta":{"desktop":{"background-color":"var(--ast-global-color-5)","background-image":"","background-repeat":"repeat","background-position":"center center","background-size":"auto","background-attachment":"scroll","background-type":"","background-media":"","overlay-type":"","overlay-color":"","overlay-opacity":"","overlay-gradient":""},"tablet":{"background-color":"","background-image":"","background-repeat":"repeat","background-position":"center center","background-size":"auto","background-attachment":"scroll","background-type":"","background-media":"","overlay-type":"","overlay-color":"","overlay-opacity":"","overlay-gradient":""},"mobile":{"background-color":"","background-image":"","background-repeat":"repeat","background-position":"center center","background-size":"auto","background-attachment":"scroll","background-type":"","background-media":"","overlay-type":"","overlay-color":"","overlay-opacity":"","overlay-gradient":""}},"ast-content-background-meta":{"desktop":{"background-color":"var(--ast-global-color-4)","background-image":"","background-repeat":"repeat","background-position":"center center","background-size":"auto","background-attachment":"scroll","background-type":"","background-media":"","overlay-type":"","overlay-color":"","overlay-opacity":"","overlay-gradient":""},"tablet":{"background-color":"var(--ast-global-color-4)","background-image":"","background-repeat":"repeat","background-position":"center center","background-size":"auto","background-attachment":"scroll","background-type":"","background-media":"","overlay-type":"","overlay-color":"","overlay-opacity":"","overlay-gradient":""},"mobile":{"background-color":"var(--ast-global-color-4)","background-image":"","background-repeat":"repeat","background-position":"center center","background-size":"auto","background-attachment":"scroll","background-type":"","background-media":"","overlay-type":"","overlay-color":"","overlay-opacity":"","overlay-gradient":""}},"_joinchat":[],"footnotes":""},"class_list":["post-75","page","type-page","status-publish","hentry"],"yoast_head":"<!-- This site is optimized with the Yoast SEO plugin v27.4 - https:\/\/yoast.com\/product\/yoast-seo-wordpress\/ -->\n<title>Tecnolog\u00eda Syglass para tratar enfermedades complejas del p\u00e1ncreas y v\u00edas biliares.<\/title>\n<meta name=\"description\" content=\"La PAAF es un m\u00e9todo seguro para analizar n\u00f3dulos tiroideos, hep\u00e1ticos o mamarios. Resultados precisos sin incisiones.\" \/>\n<meta name=\"robots\" content=\"index, follow, max-snippet:-1, max-image-preview:large, max-video-preview:-1\" \/>\n<link rel=\"canonical\" href=\"https:\/\/drborjacirujanopercutaneo.com\/?page_id=75\" \/>\n<meta property=\"og:locale\" content=\"es_ES\" \/>\n<meta property=\"og:type\" content=\"article\" \/>\n<meta property=\"og:title\" content=\"Tecnolog\u00eda Syglass para tratar enfermedades complejas del p\u00e1ncreas y v\u00edas biliares.\" \/>\n<meta property=\"og:description\" content=\"La PAAF es un m\u00e9todo seguro para analizar n\u00f3dulos tiroideos, hep\u00e1ticos o mamarios. Resultados precisos sin incisiones.\" \/>\n<meta property=\"og:url\" content=\"https:\/\/drborjacirujanopercutaneo.com\/?page_id=75\" \/>\n<meta property=\"og:site_name\" content=\"Dr Santiago Borja\" \/>\n<meta property=\"article:publisher\" content=\"https:\/\/www.facebook.com\/Dr.SantiagoBorja\" \/>\n<meta property=\"article:modified_time\" content=\"2025-06-18T15:58:25+00:00\" \/>\n<meta name=\"twitter:card\" content=\"summary_large_image\" \/>\n<meta name=\"twitter:label1\" content=\"Tiempo de lectura\" \/>\n\t<meta name=\"twitter:data1\" content=\"1 minuto\" \/>\n<script type=\"application\/ld+json\" class=\"yoast-schema-graph\">{\"@context\":\"https:\\\/\\\/schema.org\",\"@graph\":[{\"@type\":[\"WebPage\",\"MedicalWebPage\"],\"@id\":\"https:\\\/\\\/drborjacirujanopercutaneo.com\\\/?page_id=75\",\"url\":\"https:\\\/\\\/drborjacirujanopercutaneo.com\\\/?page_id=75\",\"name\":\"Tecnolog\u00eda Syglass para tratar enfermedades complejas del p\u00e1ncreas y v\u00edas biliares.\",\"isPartOf\":{\"@id\":\"https:\\\/\\\/drborjacirujanopercutaneo.com\\\/#website\"},\"datePublished\":\"2025-05-27T15:56:50+00:00\",\"dateModified\":\"2025-06-18T15:58:25+00:00\",\"description\":\"La PAAF es un m\u00e9todo seguro para analizar n\u00f3dulos tiroideos, hep\u00e1ticos o mamarios. Resultados precisos sin incisiones.\",\"breadcrumb\":{\"@id\":\"https:\\\/\\\/drborjacirujanopercutaneo.com\\\/?page_id=75#breadcrumb\"},\"inLanguage\":\"es\",\"potentialAction\":[{\"@type\":\"ReadAction\",\"target\":[\"https:\\\/\\\/drborjacirujanopercutaneo.com\\\/?page_id=75\"]}]},{\"@type\":\"BreadcrumbList\",\"@id\":\"https:\\\/\\\/drborjacirujanopercutaneo.com\\\/?page_id=75#breadcrumb\",\"itemListElement\":[{\"@type\":\"ListItem\",\"position\":1,\"name\":\"Portada\",\"item\":\"https:\\\/\\\/drborjacirujanopercutaneo.com\\\/\"},{\"@type\":\"ListItem\",\"position\":2,\"name\":\"Procedimientos\"}]},{\"@type\":\"WebSite\",\"@id\":\"https:\\\/\\\/drborjacirujanopercutaneo.com\\\/#website\",\"url\":\"https:\\\/\\\/drborjacirujanopercutaneo.com\\\/\",\"name\":\"Drborjacirujanopercutaneo\",\"description\":\"Dr. SANTIAGO BORJA V. ESPECIALISTA EN CIRUG\u00cdA GENERAL Y LAPAROSC\u00d3PICA. CIRUG\u00cdA PERCUT\u00c1NEA M\u00cdNIMAMENTE INVASIVA.\",\"publisher\":{\"@id\":\"https:\\\/\\\/drborjacirujanopercutaneo.com\\\/#organization\"},\"potentialAction\":[{\"@type\":\"SearchAction\",\"target\":{\"@type\":\"EntryPoint\",\"urlTemplate\":\"https:\\\/\\\/drborjacirujanopercutaneo.com\\\/?s={search_term_string}\"},\"query-input\":{\"@type\":\"PropertyValueSpecification\",\"valueRequired\":true,\"valueName\":\"search_term_string\"}}],\"inLanguage\":\"es\"},{\"@type\":\"Organization\",\"@id\":\"https:\\\/\\\/drborjacirujanopercutaneo.com\\\/#organization\",\"name\":\"Drborjacirujanopercutaneo\",\"url\":\"https:\\\/\\\/drborjacirujanopercutaneo.com\\\/\",\"logo\":{\"@type\":\"ImageObject\",\"inLanguage\":\"es\",\"@id\":\"https:\\\/\\\/drborjacirujanopercutaneo.com\\\/#\\\/schema\\\/logo\\\/image\\\/\",\"url\":\"https:\\\/\\\/drborjacirujanopercutaneo.com\\\/wp-content\\\/uploads\\\/2025\\\/05\\\/475579343_122126229212673563_9188010195396114782_n.jpg\",\"contentUrl\":\"https:\\\/\\\/drborjacirujanopercutaneo.com\\\/wp-content\\\/uploads\\\/2025\\\/05\\\/475579343_122126229212673563_9188010195396114782_n.jpg\",\"width\":1303,\"height\":1307,\"caption\":\"Drborjacirujanopercutaneo\"},\"image\":{\"@id\":\"https:\\\/\\\/drborjacirujanopercutaneo.com\\\/#\\\/schema\\\/logo\\\/image\\\/\"},\"sameAs\":[\"https:\\\/\\\/www.facebook.com\\\/Dr.SantiagoBorja\"]}]}<\/script>\n<!-- \/ Yoast SEO plugin. -->","yoast_head_json":{"title":"Tecnolog\u00eda Syglass para tratar enfermedades complejas del p\u00e1ncreas y v\u00edas biliares.","description":"La PAAF es un m\u00e9todo seguro para analizar n\u00f3dulos tiroideos, hep\u00e1ticos o mamarios. Resultados precisos sin incisiones.","robots":{"index":"index","follow":"follow","max-snippet":"max-snippet:-1","max-image-preview":"max-image-preview:large","max-video-preview":"max-video-preview:-1"},"canonical":"https:\/\/drborjacirujanopercutaneo.com\/?page_id=75","og_locale":"es_ES","og_type":"article","og_title":"Tecnolog\u00eda Syglass para tratar enfermedades complejas del p\u00e1ncreas y v\u00edas biliares.","og_description":"La PAAF es un m\u00e9todo seguro para analizar n\u00f3dulos tiroideos, hep\u00e1ticos o mamarios. Resultados precisos sin incisiones.","og_url":"https:\/\/drborjacirujanopercutaneo.com\/?page_id=75","og_site_name":"Dr Santiago Borja","article_publisher":"https:\/\/www.facebook.com\/Dr.SantiagoBorja","article_modified_time":"2025-06-18T15:58:25+00:00","twitter_card":"summary_large_image","twitter_misc":{"Tiempo de lectura":"1 minuto"},"schema":{"@context":"https:\/\/schema.org","@graph":[{"@type":["WebPage","MedicalWebPage"],"@id":"https:\/\/drborjacirujanopercutaneo.com\/?page_id=75","url":"https:\/\/drborjacirujanopercutaneo.com\/?page_id=75","name":"Tecnolog\u00eda Syglass para tratar enfermedades complejas del p\u00e1ncreas y v\u00edas biliares.","isPartOf":{"@id":"https:\/\/drborjacirujanopercutaneo.com\/#website"},"datePublished":"2025-05-27T15:56:50+00:00","dateModified":"2025-06-18T15:58:25+00:00","description":"La PAAF es un m\u00e9todo seguro para analizar n\u00f3dulos tiroideos, hep\u00e1ticos o mamarios. Resultados precisos sin incisiones.","breadcrumb":{"@id":"https:\/\/drborjacirujanopercutaneo.com\/?page_id=75#breadcrumb"},"inLanguage":"es","potentialAction":[{"@type":"ReadAction","target":["https:\/\/drborjacirujanopercutaneo.com\/?page_id=75"]}]},{"@type":"BreadcrumbList","@id":"https:\/\/drborjacirujanopercutaneo.com\/?page_id=75#breadcrumb","itemListElement":[{"@type":"ListItem","position":1,"name":"Portada","item":"https:\/\/drborjacirujanopercutaneo.com\/"},{"@type":"ListItem","position":2,"name":"Procedimientos"}]},{"@type":"WebSite","@id":"https:\/\/drborjacirujanopercutaneo.com\/#website","url":"https:\/\/drborjacirujanopercutaneo.com\/","name":"Drborjacirujanopercutaneo","description":"Dr. SANTIAGO BORJA V. ESPECIALISTA EN CIRUG\u00cdA GENERAL Y LAPAROSC\u00d3PICA. CIRUG\u00cdA PERCUT\u00c1NEA M\u00cdNIMAMENTE INVASIVA.","publisher":{"@id":"https:\/\/drborjacirujanopercutaneo.com\/#organization"},"potentialAction":[{"@type":"SearchAction","target":{"@type":"EntryPoint","urlTemplate":"https:\/\/drborjacirujanopercutaneo.com\/?s={search_term_string}"},"query-input":{"@type":"PropertyValueSpecification","valueRequired":true,"valueName":"search_term_string"}}],"inLanguage":"es"},{"@type":"Organization","@id":"https:\/\/drborjacirujanopercutaneo.com\/#organization","name":"Drborjacirujanopercutaneo","url":"https:\/\/drborjacirujanopercutaneo.com\/","logo":{"@type":"ImageObject","inLanguage":"es","@id":"https:\/\/drborjacirujanopercutaneo.com\/#\/schema\/logo\/image\/","url":"https:\/\/drborjacirujanopercutaneo.com\/wp-content\/uploads\/2025\/05\/475579343_122126229212673563_9188010195396114782_n.jpg","contentUrl":"https:\/\/drborjacirujanopercutaneo.com\/wp-content\/uploads\/2025\/05\/475579343_122126229212673563_9188010195396114782_n.jpg","width":1303,"height":1307,"caption":"Drborjacirujanopercutaneo"},"image":{"@id":"https:\/\/drborjacirujanopercutaneo.com\/#\/schema\/logo\/image\/"},"sameAs":["https:\/\/www.facebook.com\/Dr.SantiagoBorja"]}]}},"_links":{"self":[{"href":"https:\/\/drborjacirujanopercutaneo.com\/index.php?rest_route=\/wp\/v2\/pages\/75","targetHints":{"allow":["GET"]}}],"collection":[{"href":"https:\/\/drborjacirujanopercutaneo.com\/index.php?rest_route=\/wp\/v2\/pages"}],"about":[{"href":"https:\/\/drborjacirujanopercutaneo.com\/index.php?rest_route=\/wp\/v2\/types\/page"}],"author":[{"embeddable":true,"href":"https:\/\/drborjacirujanopercutaneo.com\/index.php?rest_route=\/wp\/v2\/users\/1"}],"replies":[{"embeddable":true,"href":"https:\/\/drborjacirujanopercutaneo.com\/index.php?rest_route=%2Fwp%2Fv2%2Fcomments&post=75"}],"version-history":[{"count":7,"href":"https:\/\/drborjacirujanopercutaneo.com\/index.php?rest_route=\/wp\/v2\/pages\/75\/revisions"}],"predecessor-version":[{"id":556,"href":"https:\/\/drborjacirujanopercutaneo.com\/index.php?rest_route=\/wp\/v2\/pages\/75\/revisions\/556"}],"wp:attachment":[{"href":"https:\/\/drborjacirujanopercutaneo.com\/index.php?rest_route=%2Fwp%2Fv2%2Fmedia&parent=75"}],"curies":[{"name":"wp","href":"https:\/\/api.w.org\/{rel}","templated":true}]}}