{"id":77,"date":"2025-05-27T10:57:31","date_gmt":"2025-05-27T15:57:31","guid":{"rendered":"https:\/\/drborjacirujanopercutaneo.com\/?page_id=77"},"modified":"2025-06-12T17:24:52","modified_gmt":"2025-06-12T22:24:52","slug":"blog","status":"publish","type":"page","link":"https:\/\/drborjacirujanopercutaneo.com\/?page_id=77","title":{"rendered":"Blog"},"content":{"rendered":"\t\t<div data-elementor-type=\"wp-page\" data-elementor-id=\"77\" class=\"elementor elementor-77\">\n\t\t\t\t\t\t<section class=\"elementor-section elementor-top-section elementor-element elementor-element-eb223f3 elementor-section-boxed elementor-section-height-default elementor-section-height-default\" data-id=\"eb223f3\" data-element_type=\"section\" data-e-type=\"section\">\n\t\t\t\t\t\t<div class=\"elementor-container elementor-column-gap-default\">\n\t\t\t\t\t<div class=\"elementor-column elementor-col-100 elementor-top-column elementor-element elementor-element-592053d\" data-id=\"592053d\" data-element_type=\"column\" data-e-type=\"column\">\n\t\t\t<div class=\"elementor-widget-wrap elementor-element-populated\">\n\t\t\t\t\t\t<div class=\"elementor-element elementor-element-f3ce683 elementor-grid-3 elementor-grid-tablet-2 elementor-grid-mobile-1 elementor-posts--thumbnail-top elementor-posts--show-avatar elementor-card-shadow-yes elementor-posts__hover-gradient elementor-widget elementor-widget-posts\" data-id=\"f3ce683\" data-element_type=\"widget\" data-e-type=\"widget\" data-settings=\"{&quot;cards_masonry&quot;:&quot;yes&quot;,&quot;cards_columns&quot;:&quot;3&quot;,&quot;cards_columns_tablet&quot;:&quot;2&quot;,&quot;cards_columns_mobile&quot;:&quot;1&quot;,&quot;cards_row_gap&quot;:{&quot;unit&quot;:&quot;px&quot;,&quot;size&quot;:35,&quot;sizes&quot;:[]},&quot;cards_row_gap_tablet&quot;:{&quot;unit&quot;:&quot;px&quot;,&quot;size&quot;:&quot;&quot;,&quot;sizes&quot;:[]},&quot;cards_row_gap_mobile&quot;:{&quot;unit&quot;:&quot;px&quot;,&quot;size&quot;:&quot;&quot;,&quot;sizes&quot;:[]}}\" data-widget_type=\"posts.cards\">\n\t\t\t\t<div class=\"elementor-widget-container\">\n\t\t\t\t\t\t\t<div class=\"elementor-posts-container elementor-posts elementor-posts--skin-cards elementor-grid\">\n\t\t\t\t<article class=\"elementor-post elementor-grid-item post-124 post type-post status-publish format-standard has-post-thumbnail hentry category-procedimientos\">\n\t\t\t<div class=\"elementor-post__card\">\n\t\t\t\t<a class=\"elementor-post__thumbnail__link\" href=\"https:\/\/drborjacirujanopercutaneo.com\/?p=124\" ><div class=\"elementor-post__thumbnail\"><img fetchpriority=\"high\" decoding=\"async\" width=\"300\" height=\"300\" src=\"https:\/\/drborjacirujanopercutaneo.com\/wp-content\/uploads\/2025\/05\/visionappleblog.png\" class=\"attachment-medium size-medium wp-image-321\" alt=\"dr. Borja operando con google vision alta tecnolog\u00eda\" srcset=\"https:\/\/drborjacirujanopercutaneo.com\/wp-content\/uploads\/2025\/05\/visionappleblog.png 300w, https:\/\/drborjacirujanopercutaneo.com\/wp-content\/uploads\/2025\/05\/visionappleblog-150x150.png 150w, https:\/\/drborjacirujanopercutaneo.com\/wp-content\/uploads\/2025\/05\/visionappleblog-60x60.png 60w\" sizes=\"(max-width: 300px) 100vw, 300px\" \/><\/div><\/a>\n\t\t\t\t<div class=\"elementor-post__badge\">Procedimientos<\/div>\n\t\t\t\t<div class=\"elementor-post__avatar\">\n\t\t\t<img alt='tnas4' src='https:\/\/secure.gravatar.com\/avatar\/1372774c789ef53e8b0f5d1bf8743cd7fd125bfc246cee5ffd9d5aa5650a7708?s=128&#038;d=mm&#038;r=g' srcset='https:\/\/secure.gravatar.com\/avatar\/1372774c789ef53e8b0f5d1bf8743cd7fd125bfc246cee5ffd9d5aa5650a7708?s=256&#038;d=mm&#038;r=g 2x' class='avatar avatar-128 photo' height='128' width='128' \/>\t\t<\/div>\n\t\t\t\t<div class=\"elementor-post__text\">\n\t\t\t\t<h1 class=\"elementor-post__title\">\n\t\t\t<a href=\"https:\/\/drborjacirujanopercutaneo.com\/?p=124\" >\n\t\t\t\tFellowship en cirug\u00eda percut\u00e1nea: \u00bfQu\u00e9 es y por qu\u00e9 es clave para la medicina moderna?\t\t\t<\/a>\n\t\t<\/h1>\n\t\t\n\t\t<a class=\"elementor-post__read-more\" href=\"https:\/\/drborjacirujanopercutaneo.com\/?p=124\" >\n\t\t\tLeer m\u00e1s \u00bb\t\t<\/a>\n\n\t\t\t\t<\/div>\n\t\t\t\t<div class=\"elementor-post__meta-data\">\n\t\t\t\t\t<span class=\"elementor-post-date\">\n\t\t\tmayo 27, 2025\t\t<\/span>\n\t\t\t\t<span class=\"elementor-post-avatar\">\n\t\t\tNo hay comentarios\t\t<\/span>\n\t\t\t\t<\/div>\n\t\t\t\t\t<\/div>\n\t\t<\/article>\n\t\t\t\t<article class=\"elementor-post elementor-grid-item post-122 post type-post status-publish format-standard has-post-thumbnail hentry category-procedimientos\">\n\t\t\t<div class=\"elementor-post__card\">\n\t\t\t\t<a class=\"elementor-post__thumbnail__link\" href=\"https:\/\/drborjacirujanopercutaneo.com\/?p=122\" ><div class=\"elementor-post__thumbnail\"><img decoding=\"async\" width=\"300\" height=\"300\" src=\"https:\/\/drborjacirujanopercutaneo.com\/wp-content\/uploads\/2025\/05\/doctoroperando.png\" class=\"attachment-medium size-medium wp-image-322\" alt=\"dr. Borja operando con su equipo de medicos especialista\" srcset=\"https:\/\/drborjacirujanopercutaneo.com\/wp-content\/uploads\/2025\/05\/doctoroperando.png 300w, https:\/\/drborjacirujanopercutaneo.com\/wp-content\/uploads\/2025\/05\/doctoroperando-150x150.png 150w, https:\/\/drborjacirujanopercutaneo.com\/wp-content\/uploads\/2025\/05\/doctoroperando-60x60.png 60w\" sizes=\"(max-width: 300px) 100vw, 300px\" \/><\/div><\/a>\n\t\t\t\t<div class=\"elementor-post__badge\">Procedimientos<\/div>\n\t\t\t\t<div class=\"elementor-post__avatar\">\n\t\t\t<img alt='tnas4' src='https:\/\/secure.gravatar.com\/avatar\/1372774c789ef53e8b0f5d1bf8743cd7fd125bfc246cee5ffd9d5aa5650a7708?s=128&#038;d=mm&#038;r=g' srcset='https:\/\/secure.gravatar.com\/avatar\/1372774c789ef53e8b0f5d1bf8743cd7fd125bfc246cee5ffd9d5aa5650a7708?s=256&#038;d=mm&#038;r=g 2x' class='avatar avatar-128 photo' height='128' width='128' \/>\t\t<\/div>\n\t\t\t\t<div class=\"elementor-post__text\">\n\t\t\t\t<h1 class=\"elementor-post__title\">\n\t\t\t<a href=\"https:\/\/drborjacirujanopercutaneo.com\/?p=122\" >\n\t\t\t\tCirug\u00eda General y Laparosc\u00f3pica: Precisi\u00f3n, Seguridad y Recuperaci\u00f3n R\u00e1pida\t\t\t<\/a>\n\t\t<\/h1>\n\t\t\n\t\t<a class=\"elementor-post__read-more\" href=\"https:\/\/drborjacirujanopercutaneo.com\/?p=122\" >\n\t\t\tLeer m\u00e1s \u00bb\t\t<\/a>\n\n\t\t\t\t<\/div>\n\t\t\t\t<div class=\"elementor-post__meta-data\">\n\t\t\t\t\t<span class=\"elementor-post-date\">\n\t\t\tmayo 27, 2025\t\t<\/span>\n\t\t\t\t<span class=\"elementor-post-avatar\">\n\t\t\tNo hay comentarios\t\t<\/span>\n\t\t\t\t<\/div>\n\t\t\t\t\t<\/div>\n\t\t<\/article>\n\t\t\t\t<article class=\"elementor-post elementor-grid-item post-120 post type-post status-publish format-standard has-post-thumbnail hentry category-procedimientos\">\n\t\t\t<div class=\"elementor-post__card\">\n\t\t\t\t<a class=\"elementor-post__thumbnail__link\" href=\"https:\/\/drborjacirujanopercutaneo.com\/?p=120\" ><div class=\"elementor-post__thumbnail\"><img decoding=\"async\" width=\"300\" height=\"300\" src=\"https:\/\/drborjacirujanopercutaneo.com\/wp-content\/uploads\/2025\/05\/doctoroperandoblog.png\" class=\"attachment-medium size-medium wp-image-323\" alt=\"dr.borja operando con la mas alta tecnolog\u00eda paciente recuperado\" srcset=\"https:\/\/drborjacirujanopercutaneo.com\/wp-content\/uploads\/2025\/05\/doctoroperandoblog.png 300w, https:\/\/drborjacirujanopercutaneo.com\/wp-content\/uploads\/2025\/05\/doctoroperandoblog-150x150.png 150w, https:\/\/drborjacirujanopercutaneo.com\/wp-content\/uploads\/2025\/05\/doctoroperandoblog-60x60.png 60w\" sizes=\"(max-width: 300px) 100vw, 300px\" \/><\/div><\/a>\n\t\t\t\t<div class=\"elementor-post__badge\">Procedimientos<\/div>\n\t\t\t\t<div class=\"elementor-post__avatar\">\n\t\t\t<img alt='tnas4' src='https:\/\/secure.gravatar.com\/avatar\/1372774c789ef53e8b0f5d1bf8743cd7fd125bfc246cee5ffd9d5aa5650a7708?s=128&#038;d=mm&#038;r=g' srcset='https:\/\/secure.gravatar.com\/avatar\/1372774c789ef53e8b0f5d1bf8743cd7fd125bfc246cee5ffd9d5aa5650a7708?s=256&#038;d=mm&#038;r=g 2x' class='avatar avatar-128 photo' height='128' width='128' \/>\t\t<\/div>\n\t\t\t\t<div class=\"elementor-post__text\">\n\t\t\t\t<h1 class=\"elementor-post__title\">\n\t\t\t<a href=\"https:\/\/drborjacirujanopercutaneo.com\/?p=120\" >\n\t\t\t\t\u00bfQu\u00e9 son las ablaciones tumorales? Tratamientos modernos contra el c\u00e1ncer sin cirug\u00eda\t\t\t<\/a>\n\t\t<\/h1>\n\t\t\n\t\t<a class=\"elementor-post__read-more\" href=\"https:\/\/drborjacirujanopercutaneo.com\/?p=120\" >\n\t\t\tLeer m\u00e1s \u00bb\t\t<\/a>\n\n\t\t\t\t<\/div>\n\t\t\t\t<div class=\"elementor-post__meta-data\">\n\t\t\t\t\t<span class=\"elementor-post-date\">\n\t\t\tmayo 27, 2025\t\t<\/span>\n\t\t\t\t<span class=\"elementor-post-avatar\">\n\t\t\tNo hay comentarios\t\t<\/span>\n\t\t\t\t<\/div>\n\t\t\t\t\t<\/div>\n\t\t<\/article>\n\t\t\t\t<\/div>\n\n\n\t\t\n\t\t\t\t\t\t<\/div>\n\t\t\t\t<\/div>\n\t\t\t\t\t<\/div>\n\t\t<\/div>\n\t\t\t\t\t<\/div>\n\t\t<\/section>\n\t\t\t\t<\/div>\n\t\t","protected":false},"excerpt":{"rendered":"","protected":false},"author":1,"featured_media":0,"parent":0,"menu_order":0,"comment_status":"closed","ping_status":"closed","template":"","meta":{"site-sidebar-layout":"no-sidebar","site-content-layout":"","ast-site-content-layout":"full-width-container","site-content-style":"default","site-sidebar-style":"default","ast-global-header-display":"","ast-banner-title-visibility":"","ast-main-header-display":"","ast-hfb-above-header-display":"","ast-hfb-below-header-display":"","ast-hfb-mobile-header-display":"","site-post-title":"disabled","ast-breadcrumbs-content":"","ast-featured-img":"disabled","footer-sml-layout":"","ast-disable-related-posts":"","theme-transparent-header-meta":"","adv-header-id-meta":"","stick-header-meta":"","header-above-stick-meta":"","header-main-stick-meta":"","header-below-stick-meta":"","astra-migrate-meta-layouts":"default","ast-page-background-enabled":"default","ast-page-background-meta":{"desktop":{"background-color":"var(--ast-global-color-5)","background-image":"","background-repeat":"repeat","background-position":"center center","background-size":"auto","background-attachment":"scroll","background-type":"","background-media":"","overlay-type":"","overlay-color":"","overlay-opacity":"","overlay-gradient":""},"tablet":{"background-color":"","background-image":"","background-repeat":"repeat","background-position":"center center","background-size":"auto","background-attachment":"scroll","background-type":"","background-media":"","overlay-type":"","overlay-color":"","overlay-opacity":"","overlay-gradient":""},"mobile":{"background-color":"","background-image":"","background-repeat":"repeat","background-position":"center center","background-size":"auto","background-attachment":"scroll","background-type":"","background-media":"","overlay-type":"","overlay-color":"","overlay-opacity":"","overlay-gradient":""}},"ast-content-background-meta":{"desktop":{"background-color":"var(--ast-global-color-4)","background-image":"","background-repeat":"repeat","background-position":"center center","background-size":"auto","background-attachment":"scroll","background-type":"","background-media":"","overlay-type":"","overlay-color":"","overlay-opacity":"","overlay-gradient":""},"tablet":{"background-color":"var(--ast-global-color-4)","background-image":"","background-repeat":"repeat","background-position":"center center","background-size":"auto","background-attachment":"scroll","background-type":"","background-media":"","overlay-type":"","overlay-color":"","overlay-opacity":"","overlay-gradient":""},"mobile":{"background-color":"var(--ast-global-color-4)","background-image":"","background-repeat":"repeat","background-position":"center center","background-size":"auto","background-attachment":"scroll","background-type":"","background-media":"","overlay-type":"","overlay-color":"","overlay-opacity":"","overlay-gradient":""}},"_joinchat":[],"footnotes":""},"class_list":["post-77","page","type-page","status-publish","hentry"],"yoast_head":"<!-- This site is optimized with the Yoast SEO plugin v27.4 - https:\/\/yoast.com\/product\/yoast-seo-wordpress\/ -->\n<title>Fellowship en Cirug\u00eda Percut\u00e1nea Clave para la Medicina Moderna | Dr. Borja<\/title>\n<meta name=\"description\" content=\"Descubre qu\u00e9 es un Fellowship en cirug\u00eda percut\u00e1nea y por qu\u00e9 es esencial para tratamientos de precisi\u00f3n. Formaci\u00f3n especializada en t\u00e9cnicas que revolucionan la recuperaci\u00f3n del paciente.\" \/>\n<meta name=\"robots\" content=\"index, follow, max-snippet:-1, max-image-preview:large, max-video-preview:-1\" \/>\n<link rel=\"canonical\" href=\"https:\/\/drborjacirujanopercutaneo.com\/?page_id=77\" \/>\n<meta property=\"og:locale\" content=\"es_ES\" \/>\n<meta property=\"og:type\" content=\"article\" \/>\n<meta property=\"og:title\" content=\"Fellowship en Cirug\u00eda Percut\u00e1nea Clave para la Medicina Moderna | Dr. Borja\" \/>\n<meta property=\"og:description\" content=\"Descubre qu\u00e9 es un Fellowship en cirug\u00eda percut\u00e1nea y por qu\u00e9 es esencial para tratamientos de precisi\u00f3n. Formaci\u00f3n especializada en t\u00e9cnicas que revolucionan la recuperaci\u00f3n del paciente.\" \/>\n<meta property=\"og:url\" content=\"https:\/\/drborjacirujanopercutaneo.com\/?page_id=77\" \/>\n<meta property=\"og:site_name\" content=\"Dr Santiago Borja\" \/>\n<meta property=\"article:publisher\" content=\"https:\/\/www.facebook.com\/Dr.SantiagoBorja\" \/>\n<meta property=\"article:modified_time\" content=\"2025-06-12T22:24:52+00:00\" \/>\n<meta name=\"twitter:card\" content=\"summary_large_image\" \/>\n<script type=\"application\/ld+json\" class=\"yoast-schema-graph\">{\"@context\":\"https:\\\/\\\/schema.org\",\"@graph\":[{\"@type\":\"WebPage\",\"@id\":\"https:\\\/\\\/drborjacirujanopercutaneo.com\\\/?page_id=77\",\"url\":\"https:\\\/\\\/drborjacirujanopercutaneo.com\\\/?page_id=77\",\"name\":\"Fellowship en Cirug\u00eda Percut\u00e1nea Clave para la Medicina Moderna | Dr. Borja\",\"isPartOf\":{\"@id\":\"https:\\\/\\\/drborjacirujanopercutaneo.com\\\/#website\"},\"datePublished\":\"2025-05-27T15:57:31+00:00\",\"dateModified\":\"2025-06-12T22:24:52+00:00\",\"description\":\"Descubre qu\u00e9 es un Fellowship en cirug\u00eda percut\u00e1nea y por qu\u00e9 es esencial para tratamientos de precisi\u00f3n. Formaci\u00f3n especializada en t\u00e9cnicas que revolucionan la recuperaci\u00f3n del paciente.\",\"breadcrumb\":{\"@id\":\"https:\\\/\\\/drborjacirujanopercutaneo.com\\\/?page_id=77#breadcrumb\"},\"inLanguage\":\"es\",\"potentialAction\":[{\"@type\":\"ReadAction\",\"target\":[\"https:\\\/\\\/drborjacirujanopercutaneo.com\\\/?page_id=77\"]}]},{\"@type\":\"BreadcrumbList\",\"@id\":\"https:\\\/\\\/drborjacirujanopercutaneo.com\\\/?page_id=77#breadcrumb\",\"itemListElement\":[{\"@type\":\"ListItem\",\"position\":1,\"name\":\"Portada\",\"item\":\"https:\\\/\\\/drborjacirujanopercutaneo.com\\\/\"},{\"@type\":\"ListItem\",\"position\":2,\"name\":\"Blog\"}]},{\"@type\":\"WebSite\",\"@id\":\"https:\\\/\\\/drborjacirujanopercutaneo.com\\\/#website\",\"url\":\"https:\\\/\\\/drborjacirujanopercutaneo.com\\\/\",\"name\":\"Drborjacirujanopercutaneo\",\"description\":\"Dr. SANTIAGO BORJA V. ESPECIALISTA EN CIRUG\u00cdA GENERAL Y LAPAROSC\u00d3PICA. CIRUG\u00cdA PERCUT\u00c1NEA M\u00cdNIMAMENTE INVASIVA.\",\"publisher\":{\"@id\":\"https:\\\/\\\/drborjacirujanopercutaneo.com\\\/#organization\"},\"potentialAction\":[{\"@type\":\"SearchAction\",\"target\":{\"@type\":\"EntryPoint\",\"urlTemplate\":\"https:\\\/\\\/drborjacirujanopercutaneo.com\\\/?s={search_term_string}\"},\"query-input\":{\"@type\":\"PropertyValueSpecification\",\"valueRequired\":true,\"valueName\":\"search_term_string\"}}],\"inLanguage\":\"es\"},{\"@type\":\"Organization\",\"@id\":\"https:\\\/\\\/drborjacirujanopercutaneo.com\\\/#organization\",\"name\":\"Drborjacirujanopercutaneo\",\"url\":\"https:\\\/\\\/drborjacirujanopercutaneo.com\\\/\",\"logo\":{\"@type\":\"ImageObject\",\"inLanguage\":\"es\",\"@id\":\"https:\\\/\\\/drborjacirujanopercutaneo.com\\\/#\\\/schema\\\/logo\\\/image\\\/\",\"url\":\"https:\\\/\\\/drborjacirujanopercutaneo.com\\\/wp-content\\\/uploads\\\/2025\\\/05\\\/475579343_122126229212673563_9188010195396114782_n.jpg\",\"contentUrl\":\"https:\\\/\\\/drborjacirujanopercutaneo.com\\\/wp-content\\\/uploads\\\/2025\\\/05\\\/475579343_122126229212673563_9188010195396114782_n.jpg\",\"width\":1303,\"height\":1307,\"caption\":\"Drborjacirujanopercutaneo\"},\"image\":{\"@id\":\"https:\\\/\\\/drborjacirujanopercutaneo.com\\\/#\\\/schema\\\/logo\\\/image\\\/\"},\"sameAs\":[\"https:\\\/\\\/www.facebook.com\\\/Dr.SantiagoBorja\"]}]}<\/script>\n<!-- \/ Yoast SEO plugin. -->","yoast_head_json":{"title":"Fellowship en Cirug\u00eda Percut\u00e1nea Clave para la Medicina Moderna | Dr. Borja","description":"Descubre qu\u00e9 es un Fellowship en cirug\u00eda percut\u00e1nea y por qu\u00e9 es esencial para tratamientos de precisi\u00f3n. Formaci\u00f3n especializada en t\u00e9cnicas que revolucionan la recuperaci\u00f3n del paciente.","robots":{"index":"index","follow":"follow","max-snippet":"max-snippet:-1","max-image-preview":"max-image-preview:large","max-video-preview":"max-video-preview:-1"},"canonical":"https:\/\/drborjacirujanopercutaneo.com\/?page_id=77","og_locale":"es_ES","og_type":"article","og_title":"Fellowship en Cirug\u00eda Percut\u00e1nea Clave para la Medicina Moderna | Dr. Borja","og_description":"Descubre qu\u00e9 es un Fellowship en cirug\u00eda percut\u00e1nea y por qu\u00e9 es esencial para tratamientos de precisi\u00f3n. Formaci\u00f3n especializada en t\u00e9cnicas que revolucionan la recuperaci\u00f3n del paciente.","og_url":"https:\/\/drborjacirujanopercutaneo.com\/?page_id=77","og_site_name":"Dr Santiago Borja","article_publisher":"https:\/\/www.facebook.com\/Dr.SantiagoBorja","article_modified_time":"2025-06-12T22:24:52+00:00","twitter_card":"summary_large_image","schema":{"@context":"https:\/\/schema.org","@graph":[{"@type":"WebPage","@id":"https:\/\/drborjacirujanopercutaneo.com\/?page_id=77","url":"https:\/\/drborjacirujanopercutaneo.com\/?page_id=77","name":"Fellowship en Cirug\u00eda Percut\u00e1nea Clave para la Medicina Moderna | Dr. Borja","isPartOf":{"@id":"https:\/\/drborjacirujanopercutaneo.com\/#website"},"datePublished":"2025-05-27T15:57:31+00:00","dateModified":"2025-06-12T22:24:52+00:00","description":"Descubre qu\u00e9 es un Fellowship en cirug\u00eda percut\u00e1nea y por qu\u00e9 es esencial para tratamientos de precisi\u00f3n. Formaci\u00f3n especializada en t\u00e9cnicas que revolucionan la recuperaci\u00f3n del paciente.","breadcrumb":{"@id":"https:\/\/drborjacirujanopercutaneo.com\/?page_id=77#breadcrumb"},"inLanguage":"es","potentialAction":[{"@type":"ReadAction","target":["https:\/\/drborjacirujanopercutaneo.com\/?page_id=77"]}]},{"@type":"BreadcrumbList","@id":"https:\/\/drborjacirujanopercutaneo.com\/?page_id=77#breadcrumb","itemListElement":[{"@type":"ListItem","position":1,"name":"Portada","item":"https:\/\/drborjacirujanopercutaneo.com\/"},{"@type":"ListItem","position":2,"name":"Blog"}]},{"@type":"WebSite","@id":"https:\/\/drborjacirujanopercutaneo.com\/#website","url":"https:\/\/drborjacirujanopercutaneo.com\/","name":"Drborjacirujanopercutaneo","description":"Dr. SANTIAGO BORJA V. ESPECIALISTA EN CIRUG\u00cdA GENERAL Y LAPAROSC\u00d3PICA. CIRUG\u00cdA PERCUT\u00c1NEA M\u00cdNIMAMENTE INVASIVA.","publisher":{"@id":"https:\/\/drborjacirujanopercutaneo.com\/#organization"},"potentialAction":[{"@type":"SearchAction","target":{"@type":"EntryPoint","urlTemplate":"https:\/\/drborjacirujanopercutaneo.com\/?s={search_term_string}"},"query-input":{"@type":"PropertyValueSpecification","valueRequired":true,"valueName":"search_term_string"}}],"inLanguage":"es"},{"@type":"Organization","@id":"https:\/\/drborjacirujanopercutaneo.com\/#organization","name":"Drborjacirujanopercutaneo","url":"https:\/\/drborjacirujanopercutaneo.com\/","logo":{"@type":"ImageObject","inLanguage":"es","@id":"https:\/\/drborjacirujanopercutaneo.com\/#\/schema\/logo\/image\/","url":"https:\/\/drborjacirujanopercutaneo.com\/wp-content\/uploads\/2025\/05\/475579343_122126229212673563_9188010195396114782_n.jpg","contentUrl":"https:\/\/drborjacirujanopercutaneo.com\/wp-content\/uploads\/2025\/05\/475579343_122126229212673563_9188010195396114782_n.jpg","width":1303,"height":1307,"caption":"Drborjacirujanopercutaneo"},"image":{"@id":"https:\/\/drborjacirujanopercutaneo.com\/#\/schema\/logo\/image\/"},"sameAs":["https:\/\/www.facebook.com\/Dr.SantiagoBorja"]}]}},"_links":{"self":[{"href":"https:\/\/drborjacirujanopercutaneo.com\/index.php?rest_route=\/wp\/v2\/pages\/77","targetHints":{"allow":["GET"]}}],"collection":[{"href":"https:\/\/drborjacirujanopercutaneo.com\/index.php?rest_route=\/wp\/v2\/pages"}],"about":[{"href":"https:\/\/drborjacirujanopercutaneo.com\/index.php?rest_route=\/wp\/v2\/types\/page"}],"author":[{"embeddable":true,"href":"https:\/\/drborjacirujanopercutaneo.com\/index.php?rest_route=\/wp\/v2\/users\/1"}],"replies":[{"embeddable":true,"href":"https:\/\/drborjacirujanopercutaneo.com\/index.php?rest_route=%2Fwp%2Fv2%2Fcomments&post=77"}],"version-history":[{"count":19,"href":"https:\/\/drborjacirujanopercutaneo.com\/index.php?rest_route=\/wp\/v2\/pages\/77\/revisions"}],"predecessor-version":[{"id":320,"href":"https:\/\/drborjacirujanopercutaneo.com\/index.php?rest_route=\/wp\/v2\/pages\/77\/revisions\/320"}],"wp:attachment":[{"href":"https:\/\/drborjacirujanopercutaneo.com\/index.php?rest_route=%2Fwp%2Fv2%2Fmedia&parent=77"}],"curies":[{"name":"wp","href":"https:\/\/api.w.org\/{rel}","templated":true}]}}