{"id":85,"date":"2025-05-27T11:11:15","date_gmt":"2025-05-27T16:11:15","guid":{"rendered":"https:\/\/drborjacirujanopercutaneo.com\/?page_id=85"},"modified":"2025-06-18T10:55:42","modified_gmt":"2025-06-18T15:55:42","slug":"cirugia-general-y-laparoscopica","status":"publish","type":"page","link":"https:\/\/drborjacirujanopercutaneo.com\/?page_id=85","title":{"rendered":"Necrosectomia"},"content":{"rendered":"\t\t<div data-elementor-type=\"wp-page\" data-elementor-id=\"85\" class=\"elementor elementor-85\">\n\t\t\t\t\t\t<section class=\"elementor-section elementor-top-section elementor-element elementor-element-6245f10 elementor-section-boxed elementor-section-height-default elementor-section-height-default\" data-id=\"6245f10\" data-element_type=\"section\" data-e-type=\"section\">\n\t\t\t\t\t\t<div class=\"elementor-container elementor-column-gap-default\">\n\t\t\t\t\t<div class=\"elementor-column elementor-col-100 elementor-top-column elementor-element elementor-element-3592a4c\" data-id=\"3592a4c\" data-element_type=\"column\" data-e-type=\"column\">\n\t\t\t<div class=\"elementor-widget-wrap elementor-element-populated\">\n\t\t\t\t\t\t<div class=\"elementor-element elementor-element-5c5b2ed elementor-widget elementor-widget-heading\" data-id=\"5c5b2ed\" data-element_type=\"widget\" data-e-type=\"widget\" data-widget_type=\"heading.default\">\n\t\t\t\t<div class=\"elementor-widget-container\">\n\t\t\t\t\t<h1 class=\"elementor-heading-title elementor-size-default\">\ud83e\uddec NECROSECTOM\u00cdA: TRATAMIENTO MODERNO Y SEGURO PARA LA NECROSIS PANCRE\u00c1TICA<\/h1>\t\t\t\t<\/div>\n\t\t\t\t<\/div>\n\t\t\t\t\t<\/div>\n\t\t<\/div>\n\t\t\t\t\t<\/div>\n\t\t<\/section>\n\t\t\t\t<section class=\"elementor-section elementor-top-section elementor-element elementor-element-05506e0 elementor-section-boxed elementor-section-height-default elementor-section-height-default\" data-id=\"05506e0\" data-element_type=\"section\" data-e-type=\"section\">\n\t\t\t\t\t\t<div class=\"elementor-container elementor-column-gap-default\">\n\t\t\t\t\t<div class=\"elementor-column elementor-col-100 elementor-top-column elementor-element elementor-element-14eac04\" data-id=\"14eac04\" data-element_type=\"column\" data-e-type=\"column\">\n\t\t\t<div class=\"elementor-widget-wrap elementor-element-populated\">\n\t\t\t\t\t\t<div class=\"elementor-element elementor-element-7a3e4f9 elementor-widget elementor-widget-text-editor\" data-id=\"7a3e4f9\" data-element_type=\"widget\" data-e-type=\"widget\" data-widget_type=\"text-editor.default\">\n\t\t\t\t<div class=\"elementor-widget-container\">\n\t\t\t\t\t\t\t\t\t<p data-start=\"263\" data-end=\"612\">La <strong data-start=\"266\" data-end=\"283\">necrosectom\u00eda<\/strong> es un procedimiento especializado que se utiliza para tratar la <strong data-start=\"348\" data-end=\"372\">necrosis pancre\u00e1tica<\/strong>, una complicaci\u00f3n grave de la pancreatitis aguda. Gracias a los avances en la <strong data-start=\"451\" data-end=\"483\">cirug\u00eda m\u00ednimamente invasiva<\/strong>, hoy es posible realizar este tratamiento de forma m\u00e1s segura, precisa y con una recuperaci\u00f3n mucho m\u00e1s r\u00e1pida para el paciente.<\/p><h2 data-start=\"614\" data-end=\"649\">\u00bfQu\u00e9 es la necrosis pancre\u00e1tica?<\/h2><p data-start=\"651\" data-end=\"920\">La <strong data-start=\"654\" data-end=\"678\">necrosis pancre\u00e1tica<\/strong> ocurre cuando el tejido del p\u00e1ncreas muere debido a una inflamaci\u00f3n severa, generalmente causada por una pancreatitis aguda. Esto puede producir infecciones graves, acumulaci\u00f3n de l\u00edquido y abscesos que requieren intervenci\u00f3n m\u00e9dica urgente.<\/p><p data-start=\"651\" data-end=\"920\"><img fetchpriority=\"high\" decoding=\"async\" class=\"alignnone  wp-image-569\" src=\"https:\/\/drborjacirujanopercutaneo.com\/wp-content\/uploads\/2025\/06\/necrosis-pancreatica-300x172.jpg\" alt=\"necrosis pancre\u00e1tica\" width=\"378\" height=\"216\" srcset=\"https:\/\/drborjacirujanopercutaneo.com\/wp-content\/uploads\/2025\/06\/necrosis-pancreatica-300x172.jpg 300w, https:\/\/drborjacirujanopercutaneo.com\/wp-content\/uploads\/2025\/06\/necrosis-pancreatica-768x441.jpg 768w, https:\/\/drborjacirujanopercutaneo.com\/wp-content\/uploads\/2025\/06\/necrosis-pancreatica.jpg 783w\" sizes=\"(max-width: 378px) 100vw, 378px\" \/><\/p><h2 data-start=\"922\" data-end=\"950\">\u00bfQu\u00e9 es la necrosectom\u00eda?<\/h2><p data-start=\"952\" data-end=\"1054\">La necrosectom\u00eda es la <strong data-start=\"975\" data-end=\"1033\">eliminaci\u00f3n del tejido necr\u00f3tico o muerto del p\u00e1ncreas<\/strong>, con el objetivo de:<\/p><ul data-start=\"1055\" data-end=\"1184\"><li data-start=\"1055\" data-end=\"1095\"><p data-start=\"1057\" data-end=\"1095\">Evitar o controlar infecciones graves.<\/p><\/li><li data-start=\"1096\" data-end=\"1132\"><p data-start=\"1098\" data-end=\"1132\">Reducir el dolor y la inflamaci\u00f3n.<\/p><\/li><li data-start=\"1133\" data-end=\"1184\"><p data-start=\"1135\" data-end=\"1184\">Mejorar la funci\u00f3n org\u00e1nica general del paciente.<\/p><\/li><li data-start=\"1133\" data-end=\"1184\"><p data-start=\"1135\" data-end=\"1184\"><img decoding=\"async\" class=\"alignnone size-medium wp-image-570\" src=\"https:\/\/drborjacirujanopercutaneo.com\/wp-content\/uploads\/2025\/06\/percutaneo-necrosis-300x227.png\" alt=\"necrosis de p\u00e1ncreas imagen \" width=\"300\" height=\"227\" srcset=\"https:\/\/drborjacirujanopercutaneo.com\/wp-content\/uploads\/2025\/06\/percutaneo-necrosis-300x227.png 300w, https:\/\/drborjacirujanopercutaneo.com\/wp-content\/uploads\/2025\/06\/percutaneo-necrosis-1024x774.png 1024w, https:\/\/drborjacirujanopercutaneo.com\/wp-content\/uploads\/2025\/06\/percutaneo-necrosis-768x581.png 768w, https:\/\/drborjacirujanopercutaneo.com\/wp-content\/uploads\/2025\/06\/percutaneo-necrosis.png 1280w\" sizes=\"(max-width: 300px) 100vw, 300px\" \/><\/p><\/li><\/ul><h2 data-start=\"1186\" data-end=\"1211\">Tipos de necrosectom\u00eda<\/h2><p data-start=\"1213\" data-end=\"1284\">Hoy en d\u00eda, el abordaje m\u00e1s recomendado es el <strong data-start=\"1259\" data-end=\"1283\">m\u00ednimamente invasivo<\/strong>:<\/p><ul data-start=\"1285\" data-end=\"1554\"><li data-start=\"1285\" data-end=\"1371\"><p data-start=\"1287\" data-end=\"1371\"><strong data-start=\"1287\" data-end=\"1315\">Necrosectom\u00eda percut\u00e1nea<\/strong>: a trav\u00e9s de peque\u00f1as incisiones, guiadas por im\u00e1genes.<\/p><\/li><li data-start=\"1372\" data-end=\"1439\"><p data-start=\"1374\" data-end=\"1439\"><strong data-start=\"1374\" data-end=\"1403\">Necrosectom\u00eda endosc\u00f3pica<\/strong>: mediante acceso por v\u00eda digestiva.<\/p><\/li><li data-start=\"1440\" data-end=\"1554\"><p data-start=\"1442\" data-end=\"1554\"><strong data-start=\"1442\" data-end=\"1473\">Necrosectom\u00eda laparosc\u00f3pica<\/strong>: cuando se requiere una visi\u00f3n m\u00e1s directa, pero sin recurrir a cirug\u00eda abierta.<\/p><\/li><\/ul><p data-start=\"1556\" data-end=\"1678\">Estos m\u00e9todos han reemplazado progresivamente a la cirug\u00eda abierta tradicional, gracias a sus mejores resultados cl\u00ednicos.<\/p><h2 data-start=\"1680\" data-end=\"1726\">Beneficios del enfoque m\u00ednimamente invasivo<\/h2><p data-start=\"1730\" data-end=\"1756\">\ud83d\udd39 Menor trauma quir\u00fargico<\/p><p data-start=\"1759\" data-end=\"1792\">\ud83d\udd39 Menor riesgo de complicaciones<\/p><p data-start=\"1795\" data-end=\"1829\">\ud83d\udd39 Estancia hospitalaria m\u00e1s corta<\/p><p data-start=\"1832\" data-end=\"1861\">\ud83d\udd39 Menor dolor postoperatorio<\/p><p data-start=\"1864\" data-end=\"1890\">\ud83d\udd39 Recuperaci\u00f3n m\u00e1s r\u00e1pida<\/p><h2 data-start=\"1892\" data-end=\"1931\">\u00bfCu\u00e1ndo se indica una necrosectom\u00eda?<\/h2><p data-start=\"1933\" data-end=\"1967\">El procedimiento se indica cuando:<\/p><ul data-start=\"1968\" data-end=\"2144\"><li data-start=\"1968\" data-end=\"2016\"><p data-start=\"1970\" data-end=\"2016\">Hay infecci\u00f3n confirmada del tejido necr\u00f3tico.<\/p><\/li><li data-start=\"2017\" data-end=\"2083\"><p data-start=\"2019\" data-end=\"2083\">Existen s\u00edntomas persistentes (fiebre, dolor, malestar general).<\/p><\/li><li data-start=\"2084\" data-end=\"2144\"><p data-start=\"2086\" data-end=\"2144\">El paciente no responde al tratamiento m\u00e9dico conservador.<\/p><\/li><\/ul><h2 data-start=\"2146\" data-end=\"2192\">Atenci\u00f3n especializada para casos complejos<\/h2><p data-start=\"2194\" data-end=\"2472\">Con <strong data-start=\"2226\" data-end=\"2296\">formaci\u00f3n internacional en cirug\u00eda percut\u00e1nea m\u00ednimamente invasiva<\/strong>, realiza necrosectom\u00edas en centros de alta complejidad, priorizando siempre la seguridad del paciente y el uso de tecnolog\u00eda de vanguardia para un abordaje preciso y efectivo.<\/p>\t\t\t\t\t\t\t\t<\/div>\n\t\t\t\t<\/div>\n\t\t\t\t\t<\/div>\n\t\t<\/div>\n\t\t\t\t\t<\/div>\n\t\t<\/section>\n\t\t<div class=\"elementor-element elementor-element-261a293 e-flex e-con-boxed e-con e-parent\" data-id=\"261a293\" data-element_type=\"container\" data-e-type=\"container\">\n\t\t\t\t\t<div class=\"e-con-inner\">\n\t\t\t\t<div class=\"elementor-element elementor-element-92fe15f elementor-arrows-position-inside elementor-pagination-position-outside elementor-widget elementor-widget-image-carousel\" data-id=\"92fe15f\" data-element_type=\"widget\" data-e-type=\"widget\" data-settings=\"{&quot;navigation&quot;:&quot;both&quot;,&quot;autoplay&quot;:&quot;yes&quot;,&quot;pause_on_hover&quot;:&quot;yes&quot;,&quot;pause_on_interaction&quot;:&quot;yes&quot;,&quot;autoplay_speed&quot;:5000,&quot;infinite&quot;:&quot;yes&quot;,&quot;speed&quot;:500}\" data-widget_type=\"image-carousel.default\">\n\t\t\t\t<div class=\"elementor-widget-container\">\n\t\t\t\t\t\t\t<div class=\"elementor-image-carousel-wrapper swiper\" role=\"region\" aria-roledescription=\"carousel\" aria-label=\"Carrusel de im\u00e1genes\" dir=\"ltr\">\n\t\t\t<div class=\"elementor-image-carousel swiper-wrapper\" aria-live=\"off\">\n\t\t\t\t\t\t\t\t<div class=\"swiper-slide\" role=\"group\" aria-roledescription=\"slide\" aria-label=\"1 of 5\"><figure class=\"swiper-slide-inner\"><img decoding=\"async\" class=\"swiper-slide-image\" src=\"https:\/\/drborjacirujanopercutaneo.com\/wp-content\/uploads\/2025\/05\/WhatsApp-Image-2025-05-19-at-5.21.54-PM-1-300x253.jpeg\" alt=\"Dr. Santiago Borja con su equipo de trabajo en hospital reconocido de ecuador\" \/><\/figure><\/div><div class=\"swiper-slide\" role=\"group\" aria-roledescription=\"slide\" aria-label=\"2 of 5\"><figure class=\"swiper-slide-inner\"><img decoding=\"async\" class=\"swiper-slide-image\" src=\"https:\/\/drborjacirujanopercutaneo.com\/wp-content\/uploads\/2025\/05\/WhatsApp-Image-2025-05-19-at-5.29.07-PM-1-300x300.jpeg\" alt=\"Dr. Santiago Borja operando en Quito en hospital Trauma\" \/><\/figure><\/div><div class=\"swiper-slide\" role=\"group\" aria-roledescription=\"slide\" aria-label=\"3 of 5\"><figure class=\"swiper-slide-inner\"><img decoding=\"async\" class=\"swiper-slide-image\" src=\"https:\/\/drborjacirujanopercutaneo.com\/wp-content\/uploads\/2025\/05\/WhatsApp-Image-2025-05-19-at-5.35.18-PM-1-300x202.jpeg\" alt=\"Dr. Santiago Borja operando con tecnolog\u00eda SPYGLASS\" \/><\/figure><\/div><div class=\"swiper-slide\" role=\"group\" aria-roledescription=\"slide\" aria-label=\"4 of 5\"><figure class=\"swiper-slide-inner\"><img decoding=\"async\" class=\"swiper-slide-image\" src=\"https:\/\/drborjacirujanopercutaneo.com\/wp-content\/uploads\/2025\/05\/WhatsApp-Image-2025-05-19-at-5.29.07-PM-226x300.jpeg\" alt=\"Dr. Santiago Borja operando en quir\u00f3fano en Quito\" \/><\/figure><\/div><div class=\"swiper-slide\" role=\"group\" aria-roledescription=\"slide\" aria-label=\"5 of 5\"><figure class=\"swiper-slide-inner\"><img decoding=\"async\" class=\"swiper-slide-image\" src=\"https:\/\/drborjacirujanopercutaneo.com\/wp-content\/uploads\/2025\/05\/WhatsApp-Image-2025-05-19-at-5.35.19-PM-1-300x225.jpeg\" alt=\"Dr. Santiago Borja con su equipo en sala de operaciones realizando un procedimiento quir\u00fargico\" \/><\/figure><\/div>\t\t\t<\/div>\n\t\t\t\t\t\t\t\t\t\t\t\t<div class=\"elementor-swiper-button elementor-swiper-button-prev\" role=\"button\" tabindex=\"0\">\n\t\t\t\t\t\t<i aria-hidden=\"true\" class=\"eicon-chevron-left\"><\/i>\t\t\t\t\t<\/div>\n\t\t\t\t\t<div class=\"elementor-swiper-button elementor-swiper-button-next\" role=\"button\" tabindex=\"0\">\n\t\t\t\t\t\t<i aria-hidden=\"true\" class=\"eicon-chevron-right\"><\/i>\t\t\t\t\t<\/div>\n\t\t\t\t\n\t\t\t\t\t\t\t\t\t<div class=\"swiper-pagination\"><\/div>\n\t\t\t\t\t\t\t\t\t<\/div>\n\t\t\t\t\t\t<\/div>\n\t\t\t\t<\/div>\n\t\t\t\t\t<\/div>\n\t\t\t\t<\/div>\n\t\t\t\t<\/div>\n\t\t","protected":false},"excerpt":{"rendered":"","protected":false},"author":1,"featured_media":0,"parent":0,"menu_order":0,"comment_status":"closed","ping_status":"closed","template":"","meta":{"site-sidebar-layout":"no-sidebar","site-content-layout":"","ast-site-content-layout":"full-width-container","site-content-style":"default","site-sidebar-style":"default","ast-global-header-display":"","ast-banner-title-visibility":"","ast-main-header-display":"","ast-hfb-above-header-display":"","ast-hfb-below-header-display":"","ast-hfb-mobile-header-display":"","site-post-title":"disabled","ast-breadcrumbs-content":"","ast-featured-img":"disabled","footer-sml-layout":"","ast-disable-related-posts":"","theme-transparent-header-meta":"","adv-header-id-meta":"","stick-header-meta":"","header-above-stick-meta":"","header-main-stick-meta":"","header-below-stick-meta":"","astra-migrate-meta-layouts":"default","ast-page-background-enabled":"default","ast-page-background-meta":{"desktop":{"background-color":"var(--ast-global-color-5)","background-image":"","background-repeat":"repeat","background-position":"center center","background-size":"auto","background-attachment":"scroll","background-type":"","background-media":"","overlay-type":"","overlay-color":"","overlay-opacity":"","overlay-gradient":""},"tablet":{"background-color":"","background-image":"","background-repeat":"repeat","background-position":"center center","background-size":"auto","background-attachment":"scroll","background-type":"","background-media":"","overlay-type":"","overlay-color":"","overlay-opacity":"","overlay-gradient":""},"mobile":{"background-color":"","background-image":"","background-repeat":"repeat","background-position":"center center","background-size":"auto","background-attachment":"scroll","background-type":"","background-media":"","overlay-type":"","overlay-color":"","overlay-opacity":"","overlay-gradient":""}},"ast-content-background-meta":{"desktop":{"background-color":"var(--ast-global-color-4)","background-image":"","background-repeat":"repeat","background-position":"center center","background-size":"auto","background-attachment":"scroll","background-type":"","background-media":"","overlay-type":"","overlay-color":"","overlay-opacity":"","overlay-gradient":""},"tablet":{"background-color":"var(--ast-global-color-4)","background-image":"","background-repeat":"repeat","background-position":"center center","background-size":"auto","background-attachment":"scroll","background-type":"","background-media":"","overlay-type":"","overlay-color":"","overlay-opacity":"","overlay-gradient":""},"mobile":{"background-color":"var(--ast-global-color-4)","background-image":"","background-repeat":"repeat","background-position":"center center","background-size":"auto","background-attachment":"scroll","background-type":"","background-media":"","overlay-type":"","overlay-color":"","overlay-opacity":"","overlay-gradient":""}},"_joinchat":[],"footnotes":""},"class_list":["post-85","page","type-page","status-publish","hentry"],"yoast_head":"<!-- This site is optimized with the Yoast SEO plugin v27.4 - https:\/\/yoast.com\/product\/yoast-seo-wordpress\/ -->\n<title>Necrosectom\u00eda Percut\u00e1nea Tratamiento Seguro para Necrosis Pancre\u00e1tica<\/title>\n<meta name=\"description\" content=\"La necrosectom\u00eda percut\u00e1nea es el tratamiento moderno para la necrosis pancre\u00e1tica. T\u00e9cnica m\u00ednimamente invasiva con menor riesgo y recuperaci\u00f3n m\u00e1s r\u00e1pida que la cirug\u00eda tradicional\" \/>\n<meta name=\"robots\" content=\"index, follow, max-snippet:-1, max-image-preview:large, max-video-preview:-1\" \/>\n<link rel=\"canonical\" href=\"https:\/\/drborjacirujanopercutaneo.com\/?page_id=85\" \/>\n<meta property=\"og:locale\" content=\"es_ES\" \/>\n<meta property=\"og:type\" content=\"article\" \/>\n<meta property=\"og:title\" content=\"Necrosectom\u00eda Percut\u00e1nea Tratamiento Seguro para Necrosis Pancre\u00e1tica\" \/>\n<meta property=\"og:description\" content=\"La necrosectom\u00eda percut\u00e1nea es el tratamiento moderno para la necrosis pancre\u00e1tica. T\u00e9cnica m\u00ednimamente invasiva con menor riesgo y recuperaci\u00f3n m\u00e1s r\u00e1pida que la cirug\u00eda tradicional\" \/>\n<meta property=\"og:url\" content=\"https:\/\/drborjacirujanopercutaneo.com\/?page_id=85\" \/>\n<meta property=\"og:site_name\" content=\"Dr Santiago Borja\" \/>\n<meta property=\"article:publisher\" content=\"https:\/\/www.facebook.com\/Dr.SantiagoBorja\" \/>\n<meta property=\"article:modified_time\" content=\"2025-06-18T15:55:42+00:00\" \/>\n<meta name=\"twitter:card\" content=\"summary_large_image\" \/>\n<script type=\"application\/ld+json\" class=\"yoast-schema-graph\">{\"@context\":\"https:\\\/\\\/schema.org\",\"@graph\":[{\"@type\":[\"WebPage\",\"MedicalWebPage\"],\"@id\":\"https:\\\/\\\/drborjacirujanopercutaneo.com\\\/?page_id=85\",\"url\":\"https:\\\/\\\/drborjacirujanopercutaneo.com\\\/?page_id=85\",\"name\":\"Necrosectom\u00eda Percut\u00e1nea Tratamiento Seguro para Necrosis Pancre\u00e1tica\",\"isPartOf\":{\"@id\":\"https:\\\/\\\/drborjacirujanopercutaneo.com\\\/#website\"},\"datePublished\":\"2025-05-27T16:11:15+00:00\",\"dateModified\":\"2025-06-18T15:55:42+00:00\",\"description\":\"La necrosectom\u00eda percut\u00e1nea es el tratamiento moderno para la necrosis pancre\u00e1tica. T\u00e9cnica m\u00ednimamente invasiva con menor riesgo y recuperaci\u00f3n m\u00e1s r\u00e1pida que la cirug\u00eda tradicional\",\"breadcrumb\":{\"@id\":\"https:\\\/\\\/drborjacirujanopercutaneo.com\\\/?page_id=85#breadcrumb\"},\"inLanguage\":\"es\",\"potentialAction\":[{\"@type\":\"ReadAction\",\"target\":[\"https:\\\/\\\/drborjacirujanopercutaneo.com\\\/?page_id=85\"]}]},{\"@type\":\"BreadcrumbList\",\"@id\":\"https:\\\/\\\/drborjacirujanopercutaneo.com\\\/?page_id=85#breadcrumb\",\"itemListElement\":[{\"@type\":\"ListItem\",\"position\":1,\"name\":\"Portada\",\"item\":\"https:\\\/\\\/drborjacirujanopercutaneo.com\\\/\"},{\"@type\":\"ListItem\",\"position\":2,\"name\":\"Necrosectomia\"}]},{\"@type\":\"WebSite\",\"@id\":\"https:\\\/\\\/drborjacirujanopercutaneo.com\\\/#website\",\"url\":\"https:\\\/\\\/drborjacirujanopercutaneo.com\\\/\",\"name\":\"Drborjacirujanopercutaneo\",\"description\":\"Dr. SANTIAGO BORJA V. ESPECIALISTA EN CIRUG\u00cdA GENERAL Y LAPAROSC\u00d3PICA. CIRUG\u00cdA PERCUT\u00c1NEA M\u00cdNIMAMENTE INVASIVA.\",\"publisher\":{\"@id\":\"https:\\\/\\\/drborjacirujanopercutaneo.com\\\/#organization\"},\"potentialAction\":[{\"@type\":\"SearchAction\",\"target\":{\"@type\":\"EntryPoint\",\"urlTemplate\":\"https:\\\/\\\/drborjacirujanopercutaneo.com\\\/?s={search_term_string}\"},\"query-input\":{\"@type\":\"PropertyValueSpecification\",\"valueRequired\":true,\"valueName\":\"search_term_string\"}}],\"inLanguage\":\"es\"},{\"@type\":\"Organization\",\"@id\":\"https:\\\/\\\/drborjacirujanopercutaneo.com\\\/#organization\",\"name\":\"Drborjacirujanopercutaneo\",\"url\":\"https:\\\/\\\/drborjacirujanopercutaneo.com\\\/\",\"logo\":{\"@type\":\"ImageObject\",\"inLanguage\":\"es\",\"@id\":\"https:\\\/\\\/drborjacirujanopercutaneo.com\\\/#\\\/schema\\\/logo\\\/image\\\/\",\"url\":\"https:\\\/\\\/drborjacirujanopercutaneo.com\\\/wp-content\\\/uploads\\\/2025\\\/05\\\/475579343_122126229212673563_9188010195396114782_n.jpg\",\"contentUrl\":\"https:\\\/\\\/drborjacirujanopercutaneo.com\\\/wp-content\\\/uploads\\\/2025\\\/05\\\/475579343_122126229212673563_9188010195396114782_n.jpg\",\"width\":1303,\"height\":1307,\"caption\":\"Drborjacirujanopercutaneo\"},\"image\":{\"@id\":\"https:\\\/\\\/drborjacirujanopercutaneo.com\\\/#\\\/schema\\\/logo\\\/image\\\/\"},\"sameAs\":[\"https:\\\/\\\/www.facebook.com\\\/Dr.SantiagoBorja\"]}]}<\/script>\n<!-- \/ Yoast SEO plugin. -->","yoast_head_json":{"title":"Necrosectom\u00eda Percut\u00e1nea Tratamiento Seguro para Necrosis Pancre\u00e1tica","description":"La necrosectom\u00eda percut\u00e1nea es el tratamiento moderno para la necrosis pancre\u00e1tica. T\u00e9cnica m\u00ednimamente invasiva con menor riesgo y recuperaci\u00f3n m\u00e1s r\u00e1pida que la cirug\u00eda tradicional","robots":{"index":"index","follow":"follow","max-snippet":"max-snippet:-1","max-image-preview":"max-image-preview:large","max-video-preview":"max-video-preview:-1"},"canonical":"https:\/\/drborjacirujanopercutaneo.com\/?page_id=85","og_locale":"es_ES","og_type":"article","og_title":"Necrosectom\u00eda Percut\u00e1nea Tratamiento Seguro para Necrosis Pancre\u00e1tica","og_description":"La necrosectom\u00eda percut\u00e1nea es el tratamiento moderno para la necrosis pancre\u00e1tica. T\u00e9cnica m\u00ednimamente invasiva con menor riesgo y recuperaci\u00f3n m\u00e1s r\u00e1pida que la cirug\u00eda tradicional","og_url":"https:\/\/drborjacirujanopercutaneo.com\/?page_id=85","og_site_name":"Dr Santiago Borja","article_publisher":"https:\/\/www.facebook.com\/Dr.SantiagoBorja","article_modified_time":"2025-06-18T15:55:42+00:00","twitter_card":"summary_large_image","schema":{"@context":"https:\/\/schema.org","@graph":[{"@type":["WebPage","MedicalWebPage"],"@id":"https:\/\/drborjacirujanopercutaneo.com\/?page_id=85","url":"https:\/\/drborjacirujanopercutaneo.com\/?page_id=85","name":"Necrosectom\u00eda Percut\u00e1nea Tratamiento Seguro para Necrosis Pancre\u00e1tica","isPartOf":{"@id":"https:\/\/drborjacirujanopercutaneo.com\/#website"},"datePublished":"2025-05-27T16:11:15+00:00","dateModified":"2025-06-18T15:55:42+00:00","description":"La necrosectom\u00eda percut\u00e1nea es el tratamiento moderno para la necrosis pancre\u00e1tica. T\u00e9cnica m\u00ednimamente invasiva con menor riesgo y recuperaci\u00f3n m\u00e1s r\u00e1pida que la cirug\u00eda tradicional","breadcrumb":{"@id":"https:\/\/drborjacirujanopercutaneo.com\/?page_id=85#breadcrumb"},"inLanguage":"es","potentialAction":[{"@type":"ReadAction","target":["https:\/\/drborjacirujanopercutaneo.com\/?page_id=85"]}]},{"@type":"BreadcrumbList","@id":"https:\/\/drborjacirujanopercutaneo.com\/?page_id=85#breadcrumb","itemListElement":[{"@type":"ListItem","position":1,"name":"Portada","item":"https:\/\/drborjacirujanopercutaneo.com\/"},{"@type":"ListItem","position":2,"name":"Necrosectomia"}]},{"@type":"WebSite","@id":"https:\/\/drborjacirujanopercutaneo.com\/#website","url":"https:\/\/drborjacirujanopercutaneo.com\/","name":"Drborjacirujanopercutaneo","description":"Dr. SANTIAGO BORJA V. ESPECIALISTA EN CIRUG\u00cdA GENERAL Y LAPAROSC\u00d3PICA. CIRUG\u00cdA PERCUT\u00c1NEA M\u00cdNIMAMENTE INVASIVA.","publisher":{"@id":"https:\/\/drborjacirujanopercutaneo.com\/#organization"},"potentialAction":[{"@type":"SearchAction","target":{"@type":"EntryPoint","urlTemplate":"https:\/\/drborjacirujanopercutaneo.com\/?s={search_term_string}"},"query-input":{"@type":"PropertyValueSpecification","valueRequired":true,"valueName":"search_term_string"}}],"inLanguage":"es"},{"@type":"Organization","@id":"https:\/\/drborjacirujanopercutaneo.com\/#organization","name":"Drborjacirujanopercutaneo","url":"https:\/\/drborjacirujanopercutaneo.com\/","logo":{"@type":"ImageObject","inLanguage":"es","@id":"https:\/\/drborjacirujanopercutaneo.com\/#\/schema\/logo\/image\/","url":"https:\/\/drborjacirujanopercutaneo.com\/wp-content\/uploads\/2025\/05\/475579343_122126229212673563_9188010195396114782_n.jpg","contentUrl":"https:\/\/drborjacirujanopercutaneo.com\/wp-content\/uploads\/2025\/05\/475579343_122126229212673563_9188010195396114782_n.jpg","width":1303,"height":1307,"caption":"Drborjacirujanopercutaneo"},"image":{"@id":"https:\/\/drborjacirujanopercutaneo.com\/#\/schema\/logo\/image\/"},"sameAs":["https:\/\/www.facebook.com\/Dr.SantiagoBorja"]}]}},"_links":{"self":[{"href":"https:\/\/drborjacirujanopercutaneo.com\/index.php?rest_route=\/wp\/v2\/pages\/85","targetHints":{"allow":["GET"]}}],"collection":[{"href":"https:\/\/drborjacirujanopercutaneo.com\/index.php?rest_route=\/wp\/v2\/pages"}],"about":[{"href":"https:\/\/drborjacirujanopercutaneo.com\/index.php?rest_route=\/wp\/v2\/types\/page"}],"author":[{"embeddable":true,"href":"https:\/\/drborjacirujanopercutaneo.com\/index.php?rest_route=\/wp\/v2\/users\/1"}],"replies":[{"embeddable":true,"href":"https:\/\/drborjacirujanopercutaneo.com\/index.php?rest_route=%2Fwp%2Fv2%2Fcomments&post=85"}],"version-history":[{"count":22,"href":"https:\/\/drborjacirujanopercutaneo.com\/index.php?rest_route=\/wp\/v2\/pages\/85\/revisions"}],"predecessor-version":[{"id":631,"href":"https:\/\/drborjacirujanopercutaneo.com\/index.php?rest_route=\/wp\/v2\/pages\/85\/revisions\/631"}],"wp:attachment":[{"href":"https:\/\/drborjacirujanopercutaneo.com\/index.php?rest_route=%2Fwp%2Fv2%2Fmedia&parent=85"}],"curies":[{"name":"wp","href":"https:\/\/api.w.org\/{rel}","templated":true}]}}