{"id":87,"date":"2025-05-27T11:11:44","date_gmt":"2025-05-27T16:11:44","guid":{"rendered":"https:\/\/drborjacirujanopercutaneo.com\/?page_id=87"},"modified":"2025-06-18T10:56:13","modified_gmt":"2025-06-18T15:56:13","slug":"fellowship-cirugia-percutanea","status":"publish","type":"page","link":"https:\/\/drborjacirujanopercutaneo.com\/?page_id=87","title":{"rendered":"Drenaje colecciones"},"content":{"rendered":"\t\t<div data-elementor-type=\"wp-page\" data-elementor-id=\"87\" class=\"elementor elementor-87\">\n\t\t\t\t\t\t<section class=\"elementor-section elementor-top-section elementor-element elementor-element-c3cadce elementor-section-boxed elementor-section-height-default elementor-section-height-default\" data-id=\"c3cadce\" data-element_type=\"section\" data-e-type=\"section\">\n\t\t\t\t\t\t<div class=\"elementor-container elementor-column-gap-default\">\n\t\t\t\t\t<div class=\"elementor-column elementor-col-100 elementor-top-column elementor-element elementor-element-48f78a9\" data-id=\"48f78a9\" data-element_type=\"column\" data-e-type=\"column\">\n\t\t\t<div class=\"elementor-widget-wrap elementor-element-populated\">\n\t\t\t\t\t\t<div class=\"elementor-element elementor-element-af96335 elementor-widget elementor-widget-heading\" data-id=\"af96335\" data-element_type=\"widget\" data-e-type=\"widget\" data-widget_type=\"heading.default\">\n\t\t\t\t<div class=\"elementor-widget-container\">\n\t\t\t\t\t<h1 class=\"elementor-heading-title elementor-size-default\">\ud83e\ude7a DRENAJE DE COLECCIONES: QU\u00c9 ES, CU\u00c1NDO SE INDICA Y POR QU\u00c9 ES TAN IMPORTANTE<\/h1>\t\t\t\t<\/div>\n\t\t\t\t<\/div>\n\t\t\t\t\t<\/div>\n\t\t<\/div>\n\t\t\t\t\t<\/div>\n\t\t<\/section>\n\t\t\t\t<section class=\"elementor-section elementor-top-section elementor-element elementor-element-6a79d94 elementor-section-boxed elementor-section-height-default elementor-section-height-default\" data-id=\"6a79d94\" data-element_type=\"section\" data-e-type=\"section\">\n\t\t\t\t\t\t<div class=\"elementor-container elementor-column-gap-default\">\n\t\t\t\t\t<div class=\"elementor-column elementor-col-100 elementor-top-column elementor-element elementor-element-80a06e8\" data-id=\"80a06e8\" data-element_type=\"column\" data-e-type=\"column\">\n\t\t\t<div class=\"elementor-widget-wrap elementor-element-populated\">\n\t\t\t\t\t\t<div class=\"elementor-element elementor-element-16586d6 elementor-widget elementor-widget-text-editor\" data-id=\"16586d6\" data-element_type=\"widget\" data-e-type=\"widget\" data-widget_type=\"text-editor.default\">\n\t\t\t\t<div class=\"elementor-widget-container\">\n\t\t\t\t\t\t\t\t\t<p data-start=\"266\" data-end=\"582\">El <strong data-start=\"269\" data-end=\"295\">drenaje de colecciones<\/strong> es un procedimiento m\u00e9dico clave en el tratamiento de infecciones abdominales y complicaciones postoperatorias. Gracias a los avances en la <strong data-start=\"436\" data-end=\"468\">cirug\u00eda m\u00ednimamente invasiva<\/strong>, hoy es posible realizar drenajes m\u00e1s seguros, eficaces y con una recuperaci\u00f3n mucho m\u00e1s r\u00e1pida para el paciente.<\/p><h2 data-start=\"584\" data-end=\"609\">\u00bfQu\u00e9 es una colecci\u00f3n?<\/h2><p data-start=\"611\" data-end=\"954\">Una <strong data-start=\"615\" data-end=\"628\">colecci\u00f3n<\/strong> es una acumulaci\u00f3n anormal de l\u00edquido, pus o sangre en el cuerpo, generalmente como consecuencia de una infecci\u00f3n, inflamaci\u00f3n o intervenci\u00f3n quir\u00fargica. Pueden presentarse en diversas zonas del abdomen, como el h\u00edgado, p\u00e1ncreas o espacios peritoneales, y deben ser evaluadas cuidadosamente para decidir el mejor tratamiento.<\/p><p data-start=\"611\" data-end=\"954\"><img fetchpriority=\"high\" decoding=\"async\" class=\"alignnone  wp-image-515\" src=\"https:\/\/drborjacirujanopercutaneo.com\/wp-content\/uploads\/2025\/06\/coleccion2-300x178.png\" alt=\"\" width=\"467\" height=\"276\" \/><\/p><p data-start=\"611\" data-end=\"954\">\u00a0<\/p><h2 data-start=\"956\" data-end=\"990\">\u00bfCu\u00e1ndo se necesita un drenaje?<\/h2><p data-start=\"992\" data-end=\"1037\">El drenaje est\u00e1 indicado cuando la colecci\u00f3n:<\/p><ul data-start=\"1038\" data-end=\"1222\"><li data-start=\"1038\" data-end=\"1105\"><p data-start=\"1040\" data-end=\"1105\">Provoca s\u00edntomas como fiebre, dolor abdominal o malestar general.<\/p><\/li><li data-start=\"1106\" data-end=\"1161\"><p data-start=\"1108\" data-end=\"1161\">No responde adecuadamente al tratamiento antibi\u00f3tico.<\/p><\/li><li data-start=\"1162\" data-end=\"1222\"><p data-start=\"1164\" data-end=\"1222\">Aumenta de tama\u00f1o o se vuelve riesgosa para otros \u00f3rganos.<\/p><\/li><\/ul><p data-start=\"1224\" data-end=\"1391\">El <strong data-start=\"1227\" data-end=\"1249\">drenaje percut\u00e1neo<\/strong>, guiado por im\u00e1genes (ecograf\u00eda o tomograf\u00eda), es la t\u00e9cnica preferida actualmente por su precisi\u00f3n y bajo impacto en el cuerpo del paciente.<\/p><p data-start=\"1224\" data-end=\"1391\"><img decoding=\"async\" class=\"alignnone  wp-image-514\" src=\"https:\/\/drborjacirujanopercutaneo.com\/wp-content\/uploads\/2025\/06\/colecciones3-300x178.png\" alt=\"\" width=\"406\" height=\"240\" srcset=\"https:\/\/drborjacirujanopercutaneo.com\/wp-content\/uploads\/2025\/06\/colecciones3-300x178.png 300w, https:\/\/drborjacirujanopercutaneo.com\/wp-content\/uploads\/2025\/06\/colecciones3-1024x609.png 1024w, https:\/\/drborjacirujanopercutaneo.com\/wp-content\/uploads\/2025\/06\/colecciones3.png 1209w\" sizes=\"(max-width: 406px) 100vw, 406px\" \/><\/p><h2 data-start=\"1393\" data-end=\"1448\">Ventajas del drenaje percut\u00e1neo m\u00ednimamente invasivo<\/h2><p data-start=\"1452\" data-end=\"1501\">\u2714\ufe0f <strong data-start=\"1455\" data-end=\"1501\">Menor riesgo de complicaciones quir\u00fargicas<\/strong><\/p><p data-start=\"1504\" data-end=\"1534\">\u2714\ufe0f <strong data-start=\"1507\" data-end=\"1534\">Recuperaci\u00f3n m\u00e1s r\u00e1pida<\/strong><\/p><p data-start=\"1537\" data-end=\"1571\">\u2714\ufe0f <strong data-start=\"1540\" data-end=\"1571\">No requiere cirug\u00eda abierta<\/strong><\/p><p data-start=\"1574\" data-end=\"1612\">\u2714\ufe0f <strong data-start=\"1577\" data-end=\"1612\">Puede repetirse si es necesario<\/strong><\/p><p data-start=\"1615\" data-end=\"1668\">\u2714\ufe0f <strong data-start=\"1618\" data-end=\"1668\">Excelente gu\u00eda por imagen para mayor seguridad<\/strong><\/p><p data-start=\"1670\" data-end=\"1862\">Este tipo de drenaje lo realiza un cirujano entrenado en t\u00e9cnicas de intervenci\u00f3n m\u00ednimamente invasiva, como el Dr. Santiago Borja , especialista en <strong data-start=\"1823\" data-end=\"1861\">cirug\u00eda laparosc\u00f3pica y percut\u00e1nea<\/strong>.<\/p><p data-start=\"1670\" data-end=\"1862\"><img decoding=\"async\" class=\"alignnone  wp-image-513\" src=\"https:\/\/drborjacirujanopercutaneo.com\/wp-content\/uploads\/2025\/06\/coleccion1-300x178.png\" alt=\"Drenaje Percut\u00e1neo de Colecciones Abdominales\" width=\"540\" height=\"319\" \/><\/p><p data-start=\"1670\" data-end=\"1862\">\u00a0<\/p><h2 data-start=\"1864\" data-end=\"1901\">\u00bfPor qu\u00e9 es clave actuar a tiempo?<\/h2><p data-start=\"1903\" data-end=\"2162\">Una colecci\u00f3n no tratada puede generar abscesos, peritonitis o sepsis, poniendo en riesgo la vida del paciente. Por eso, es fundamental acudir al m\u00e9dico ante cualquier s\u00edntoma sospechoso, especialmente si has tenido una cirug\u00eda reciente o infecci\u00f3n abdominal.<\/p><h2 data-start=\"2164\" data-end=\"2191\">Conf\u00eda en manos expertas<\/h2><p data-start=\"2193\" data-end=\"2470\">El Dr. Santiago Borja, con formaci\u00f3n internacional y experiencia en cirug\u00eda m\u00ednimamente invasiva, ofrece un enfoque moderno y preciso para el tratamiento de colecciones mediante <strong data-start=\"2376\" data-end=\"2398\">drenaje percut\u00e1neo<\/strong>, cuidando tu salud con la tecnolog\u00eda y el conocimiento m\u00e1s actualizado.<\/p>\t\t\t\t\t\t\t\t<\/div>\n\t\t\t\t<\/div>\n\t\t\t\t\t<\/div>\n\t\t<\/div>\n\t\t\t\t\t<\/div>\n\t\t<\/section>\n\t\t<div class=\"elementor-element elementor-element-c93e49d e-flex e-con-boxed e-con e-parent\" data-id=\"c93e49d\" data-element_type=\"container\" data-e-type=\"container\">\n\t\t\t\t\t<div class=\"e-con-inner\">\n\t\t\t\t<div class=\"elementor-element elementor-element-4070bba elementor-arrows-position-inside elementor-pagination-position-outside elementor-widget elementor-widget-image-carousel\" data-id=\"4070bba\" data-element_type=\"widget\" data-e-type=\"widget\" data-settings=\"{&quot;navigation&quot;:&quot;both&quot;,&quot;autoplay&quot;:&quot;yes&quot;,&quot;pause_on_hover&quot;:&quot;yes&quot;,&quot;pause_on_interaction&quot;:&quot;yes&quot;,&quot;autoplay_speed&quot;:5000,&quot;infinite&quot;:&quot;yes&quot;,&quot;speed&quot;:500}\" data-widget_type=\"image-carousel.default\">\n\t\t\t\t<div class=\"elementor-widget-container\">\n\t\t\t\t\t\t\t<div class=\"elementor-image-carousel-wrapper swiper\" role=\"region\" aria-roledescription=\"carousel\" aria-label=\"Carrusel de im\u00e1genes\" dir=\"ltr\">\n\t\t\t<div class=\"elementor-image-carousel swiper-wrapper\" aria-live=\"off\">\n\t\t\t\t\t\t\t\t<div class=\"swiper-slide\" role=\"group\" aria-roledescription=\"slide\" aria-label=\"1 of 7\"><figure class=\"swiper-slide-inner\"><img decoding=\"async\" class=\"swiper-slide-image\" src=\"https:\/\/drborjacirujanopercutaneo.com\/wp-content\/uploads\/2025\/06\/WhatsApp-Image-2025-06-06-at-8.27.52-PM-300x169.jpeg\" alt=\"Dr. Santiago Borja en quir\u00f3fano de Quito\" \/><\/figure><\/div><div class=\"swiper-slide\" role=\"group\" aria-roledescription=\"slide\" aria-label=\"2 of 7\"><figure class=\"swiper-slide-inner\"><img decoding=\"async\" class=\"swiper-slide-image\" src=\"https:\/\/drborjacirujanopercutaneo.com\/wp-content\/uploads\/2025\/05\/doctoroperandoblog.png\" alt=\"dr.borja operando con la mas alta tecnolog\u00eda paciente recuperado\" \/><\/figure><\/div><div class=\"swiper-slide\" role=\"group\" aria-roledescription=\"slide\" aria-label=\"3 of 7\"><figure class=\"swiper-slide-inner\"><img decoding=\"async\" class=\"swiper-slide-image\" src=\"https:\/\/drborjacirujanopercutaneo.com\/wp-content\/uploads\/2025\/05\/WhatsApp-Image-2025-05-19-at-5.28.18-PM-300x196.jpeg\" alt=\"Dr. Santiago Borja en quir\u00f3fano operando p\u00e1ncreas\" \/><\/figure><\/div><div class=\"swiper-slide\" role=\"group\" aria-roledescription=\"slide\" aria-label=\"4 of 7\"><figure class=\"swiper-slide-inner\"><img decoding=\"async\" class=\"swiper-slide-image\" src=\"https:\/\/drborjacirujanopercutaneo.com\/wp-content\/uploads\/2025\/05\/WhatsApp-Image-2025-05-19-at-5.35.18-PM-1-300x202.jpeg\" alt=\"Dr. Santiago Borja operando con tecnolog\u00eda SPYGLASS\" \/><\/figure><\/div><div class=\"swiper-slide\" role=\"group\" aria-roledescription=\"slide\" aria-label=\"5 of 7\"><figure class=\"swiper-slide-inner\"><img decoding=\"async\" class=\"swiper-slide-image\" src=\"https:\/\/drborjacirujanopercutaneo.com\/wp-content\/uploads\/2025\/05\/WhatsApp-Image-2025-05-19-at-5.29.06-PM-300x218.jpeg\" alt=\"WhatsApp Image 2025-05-19 at 5.29.06 PM\" \/><\/figure><\/div><div class=\"swiper-slide\" role=\"group\" aria-roledescription=\"slide\" aria-label=\"6 of 7\"><figure class=\"swiper-slide-inner\"><img decoding=\"async\" class=\"swiper-slide-image\" src=\"https:\/\/drborjacirujanopercutaneo.com\/wp-content\/uploads\/2025\/05\/WhatsApp-Image-2025-05-19-at-5.29.08-PM-225x300.jpeg\" alt=\"doctor Santiago Borja en procedimiento m\u00ednimamente invasivo en quito\" \/><\/figure><\/div><div class=\"swiper-slide\" role=\"group\" aria-roledescription=\"slide\" aria-label=\"7 of 7\"><figure class=\"swiper-slide-inner\"><img decoding=\"async\" class=\"swiper-slide-image\" src=\"https:\/\/drborjacirujanopercutaneo.com\/wp-content\/uploads\/2025\/05\/WhatsApp-Image-2025-05-19-at-5.21.54-PM-300x174.jpeg\" alt=\"Dr. cirujano general con su equipo de trabajo en cirug\u00eda m\u00ednimamente invasiva\" \/><\/figure><\/div>\t\t\t<\/div>\n\t\t\t\t\t\t\t\t\t\t\t\t<div class=\"elementor-swiper-button elementor-swiper-button-prev\" role=\"button\" tabindex=\"0\">\n\t\t\t\t\t\t<i aria-hidden=\"true\" class=\"eicon-chevron-left\"><\/i>\t\t\t\t\t<\/div>\n\t\t\t\t\t<div class=\"elementor-swiper-button elementor-swiper-button-next\" role=\"button\" tabindex=\"0\">\n\t\t\t\t\t\t<i aria-hidden=\"true\" class=\"eicon-chevron-right\"><\/i>\t\t\t\t\t<\/div>\n\t\t\t\t\n\t\t\t\t\t\t\t\t\t<div class=\"swiper-pagination\"><\/div>\n\t\t\t\t\t\t\t\t\t<\/div>\n\t\t\t\t\t\t<\/div>\n\t\t\t\t<\/div>\n\t\t\t\t\t<\/div>\n\t\t\t\t<\/div>\n\t\t\t\t<\/div>\n\t\t","protected":false},"excerpt":{"rendered":"","protected":false},"author":1,"featured_media":0,"parent":0,"menu_order":0,"comment_status":"closed","ping_status":"closed","template":"","meta":{"site-sidebar-layout":"no-sidebar","site-content-layout":"","ast-site-content-layout":"full-width-container","site-content-style":"default","site-sidebar-style":"default","ast-global-header-display":"","ast-banner-title-visibility":"","ast-main-header-display":"","ast-hfb-above-header-display":"","ast-hfb-below-header-display":"","ast-hfb-mobile-header-display":"","site-post-title":"disabled","ast-breadcrumbs-content":"","ast-featured-img":"disabled","footer-sml-layout":"","ast-disable-related-posts":"","theme-transparent-header-meta":"","adv-header-id-meta":"","stick-header-meta":"","header-above-stick-meta":"","header-main-stick-meta":"","header-below-stick-meta":"","astra-migrate-meta-layouts":"default","ast-page-background-enabled":"default","ast-page-background-meta":{"desktop":{"background-color":"var(--ast-global-color-5)","background-image":"","background-repeat":"repeat","background-position":"center center","background-size":"auto","background-attachment":"scroll","background-type":"","background-media":"","overlay-type":"","overlay-color":"","overlay-opacity":"","overlay-gradient":""},"tablet":{"background-color":"","background-image":"","background-repeat":"repeat","background-position":"center center","background-size":"auto","background-attachment":"scroll","background-type":"","background-media":"","overlay-type":"","overlay-color":"","overlay-opacity":"","overlay-gradient":""},"mobile":{"background-color":"","background-image":"","background-repeat":"repeat","background-position":"center center","background-size":"auto","background-attachment":"scroll","background-type":"","background-media":"","overlay-type":"","overlay-color":"","overlay-opacity":"","overlay-gradient":""}},"ast-content-background-meta":{"desktop":{"background-color":"var(--ast-global-color-4)","background-image":"","background-repeat":"repeat","background-position":"center center","background-size":"auto","background-attachment":"scroll","background-type":"","background-media":"","overlay-type":"","overlay-color":"","overlay-opacity":"","overlay-gradient":""},"tablet":{"background-color":"var(--ast-global-color-4)","background-image":"","background-repeat":"repeat","background-position":"center center","background-size":"auto","background-attachment":"scroll","background-type":"","background-media":"","overlay-type":"","overlay-color":"","overlay-opacity":"","overlay-gradient":""},"mobile":{"background-color":"var(--ast-global-color-4)","background-image":"","background-repeat":"repeat","background-position":"center center","background-size":"auto","background-attachment":"scroll","background-type":"","background-media":"","overlay-type":"","overlay-color":"","overlay-opacity":"","overlay-gradient":""}},"_joinchat":[],"footnotes":""},"class_list":["post-87","page","type-page","status-publish","hentry"],"yoast_head":"<!-- This site is optimized with the Yoast SEO plugin v27.4 - https:\/\/yoast.com\/product\/yoast-seo-wordpress\/ -->\n<title>Drenaje Percut\u00e1neo de Colecciones Indicaciones y Beneficios<\/title>\n<meta name=\"description\" content=\"El drenaje percut\u00e1neo de colecciones es una t\u00e9cnica m\u00ednimamente invasiva para tratar abscesos y fluidos infectados. Descubre cu\u00e1ndo se indica, c\u00f3mo se realiza y sus ventajas.\" \/>\n<meta name=\"robots\" content=\"index, follow, max-snippet:-1, max-image-preview:large, max-video-preview:-1\" \/>\n<link rel=\"canonical\" href=\"https:\/\/drborjacirujanopercutaneo.com\/?page_id=87\" \/>\n<meta property=\"og:locale\" content=\"es_ES\" \/>\n<meta property=\"og:type\" content=\"article\" \/>\n<meta property=\"og:title\" content=\"Drenaje Percut\u00e1neo de Colecciones Indicaciones y Beneficios\" \/>\n<meta property=\"og:description\" content=\"El drenaje percut\u00e1neo de colecciones es una t\u00e9cnica m\u00ednimamente invasiva para tratar abscesos y fluidos infectados. Descubre cu\u00e1ndo se indica, c\u00f3mo se realiza y sus ventajas.\" \/>\n<meta property=\"og:url\" content=\"https:\/\/drborjacirujanopercutaneo.com\/?page_id=87\" \/>\n<meta property=\"og:site_name\" content=\"Dr Santiago Borja\" \/>\n<meta property=\"article:publisher\" content=\"https:\/\/www.facebook.com\/Dr.SantiagoBorja\" \/>\n<meta property=\"article:modified_time\" content=\"2025-06-18T15:56:13+00:00\" \/>\n<meta name=\"twitter:card\" content=\"summary_large_image\" \/>\n<script type=\"application\/ld+json\" class=\"yoast-schema-graph\">{\"@context\":\"https:\\\/\\\/schema.org\",\"@graph\":[{\"@type\":[\"WebPage\",\"MedicalWebPage\"],\"@id\":\"https:\\\/\\\/drborjacirujanopercutaneo.com\\\/?page_id=87\",\"url\":\"https:\\\/\\\/drborjacirujanopercutaneo.com\\\/?page_id=87\",\"name\":\"Drenaje Percut\u00e1neo de Colecciones Indicaciones y Beneficios\",\"isPartOf\":{\"@id\":\"https:\\\/\\\/drborjacirujanopercutaneo.com\\\/#website\"},\"datePublished\":\"2025-05-27T16:11:44+00:00\",\"dateModified\":\"2025-06-18T15:56:13+00:00\",\"description\":\"El drenaje percut\u00e1neo de colecciones es una t\u00e9cnica m\u00ednimamente invasiva para tratar abscesos y fluidos infectados. Descubre cu\u00e1ndo se indica, c\u00f3mo se realiza y sus ventajas.\",\"breadcrumb\":{\"@id\":\"https:\\\/\\\/drborjacirujanopercutaneo.com\\\/?page_id=87#breadcrumb\"},\"inLanguage\":\"es\",\"potentialAction\":[{\"@type\":\"ReadAction\",\"target\":[\"https:\\\/\\\/drborjacirujanopercutaneo.com\\\/?page_id=87\"]}]},{\"@type\":\"BreadcrumbList\",\"@id\":\"https:\\\/\\\/drborjacirujanopercutaneo.com\\\/?page_id=87#breadcrumb\",\"itemListElement\":[{\"@type\":\"ListItem\",\"position\":1,\"name\":\"Portada\",\"item\":\"https:\\\/\\\/drborjacirujanopercutaneo.com\\\/\"},{\"@type\":\"ListItem\",\"position\":2,\"name\":\"Drenaje colecciones\"}]},{\"@type\":\"WebSite\",\"@id\":\"https:\\\/\\\/drborjacirujanopercutaneo.com\\\/#website\",\"url\":\"https:\\\/\\\/drborjacirujanopercutaneo.com\\\/\",\"name\":\"Drborjacirujanopercutaneo\",\"description\":\"Dr. SANTIAGO BORJA V. ESPECIALISTA EN CIRUG\u00cdA GENERAL Y LAPAROSC\u00d3PICA. CIRUG\u00cdA PERCUT\u00c1NEA M\u00cdNIMAMENTE INVASIVA.\",\"publisher\":{\"@id\":\"https:\\\/\\\/drborjacirujanopercutaneo.com\\\/#organization\"},\"potentialAction\":[{\"@type\":\"SearchAction\",\"target\":{\"@type\":\"EntryPoint\",\"urlTemplate\":\"https:\\\/\\\/drborjacirujanopercutaneo.com\\\/?s={search_term_string}\"},\"query-input\":{\"@type\":\"PropertyValueSpecification\",\"valueRequired\":true,\"valueName\":\"search_term_string\"}}],\"inLanguage\":\"es\"},{\"@type\":\"Organization\",\"@id\":\"https:\\\/\\\/drborjacirujanopercutaneo.com\\\/#organization\",\"name\":\"Drborjacirujanopercutaneo\",\"url\":\"https:\\\/\\\/drborjacirujanopercutaneo.com\\\/\",\"logo\":{\"@type\":\"ImageObject\",\"inLanguage\":\"es\",\"@id\":\"https:\\\/\\\/drborjacirujanopercutaneo.com\\\/#\\\/schema\\\/logo\\\/image\\\/\",\"url\":\"https:\\\/\\\/drborjacirujanopercutaneo.com\\\/wp-content\\\/uploads\\\/2025\\\/05\\\/475579343_122126229212673563_9188010195396114782_n.jpg\",\"contentUrl\":\"https:\\\/\\\/drborjacirujanopercutaneo.com\\\/wp-content\\\/uploads\\\/2025\\\/05\\\/475579343_122126229212673563_9188010195396114782_n.jpg\",\"width\":1303,\"height\":1307,\"caption\":\"Drborjacirujanopercutaneo\"},\"image\":{\"@id\":\"https:\\\/\\\/drborjacirujanopercutaneo.com\\\/#\\\/schema\\\/logo\\\/image\\\/\"},\"sameAs\":[\"https:\\\/\\\/www.facebook.com\\\/Dr.SantiagoBorja\"]}]}<\/script>\n<!-- \/ Yoast SEO plugin. -->","yoast_head_json":{"title":"Drenaje Percut\u00e1neo de Colecciones Indicaciones y Beneficios","description":"El drenaje percut\u00e1neo de colecciones es una t\u00e9cnica m\u00ednimamente invasiva para tratar abscesos y fluidos infectados. Descubre cu\u00e1ndo se indica, c\u00f3mo se realiza y sus ventajas.","robots":{"index":"index","follow":"follow","max-snippet":"max-snippet:-1","max-image-preview":"max-image-preview:large","max-video-preview":"max-video-preview:-1"},"canonical":"https:\/\/drborjacirujanopercutaneo.com\/?page_id=87","og_locale":"es_ES","og_type":"article","og_title":"Drenaje Percut\u00e1neo de Colecciones Indicaciones y Beneficios","og_description":"El drenaje percut\u00e1neo de colecciones es una t\u00e9cnica m\u00ednimamente invasiva para tratar abscesos y fluidos infectados. Descubre cu\u00e1ndo se indica, c\u00f3mo se realiza y sus ventajas.","og_url":"https:\/\/drborjacirujanopercutaneo.com\/?page_id=87","og_site_name":"Dr Santiago Borja","article_publisher":"https:\/\/www.facebook.com\/Dr.SantiagoBorja","article_modified_time":"2025-06-18T15:56:13+00:00","twitter_card":"summary_large_image","schema":{"@context":"https:\/\/schema.org","@graph":[{"@type":["WebPage","MedicalWebPage"],"@id":"https:\/\/drborjacirujanopercutaneo.com\/?page_id=87","url":"https:\/\/drborjacirujanopercutaneo.com\/?page_id=87","name":"Drenaje Percut\u00e1neo de Colecciones Indicaciones y Beneficios","isPartOf":{"@id":"https:\/\/drborjacirujanopercutaneo.com\/#website"},"datePublished":"2025-05-27T16:11:44+00:00","dateModified":"2025-06-18T15:56:13+00:00","description":"El drenaje percut\u00e1neo de colecciones es una t\u00e9cnica m\u00ednimamente invasiva para tratar abscesos y fluidos infectados. Descubre cu\u00e1ndo se indica, c\u00f3mo se realiza y sus ventajas.","breadcrumb":{"@id":"https:\/\/drborjacirujanopercutaneo.com\/?page_id=87#breadcrumb"},"inLanguage":"es","potentialAction":[{"@type":"ReadAction","target":["https:\/\/drborjacirujanopercutaneo.com\/?page_id=87"]}]},{"@type":"BreadcrumbList","@id":"https:\/\/drborjacirujanopercutaneo.com\/?page_id=87#breadcrumb","itemListElement":[{"@type":"ListItem","position":1,"name":"Portada","item":"https:\/\/drborjacirujanopercutaneo.com\/"},{"@type":"ListItem","position":2,"name":"Drenaje colecciones"}]},{"@type":"WebSite","@id":"https:\/\/drborjacirujanopercutaneo.com\/#website","url":"https:\/\/drborjacirujanopercutaneo.com\/","name":"Drborjacirujanopercutaneo","description":"Dr. SANTIAGO BORJA V. ESPECIALISTA EN CIRUG\u00cdA GENERAL Y LAPAROSC\u00d3PICA. CIRUG\u00cdA PERCUT\u00c1NEA M\u00cdNIMAMENTE INVASIVA.","publisher":{"@id":"https:\/\/drborjacirujanopercutaneo.com\/#organization"},"potentialAction":[{"@type":"SearchAction","target":{"@type":"EntryPoint","urlTemplate":"https:\/\/drborjacirujanopercutaneo.com\/?s={search_term_string}"},"query-input":{"@type":"PropertyValueSpecification","valueRequired":true,"valueName":"search_term_string"}}],"inLanguage":"es"},{"@type":"Organization","@id":"https:\/\/drborjacirujanopercutaneo.com\/#organization","name":"Drborjacirujanopercutaneo","url":"https:\/\/drborjacirujanopercutaneo.com\/","logo":{"@type":"ImageObject","inLanguage":"es","@id":"https:\/\/drborjacirujanopercutaneo.com\/#\/schema\/logo\/image\/","url":"https:\/\/drborjacirujanopercutaneo.com\/wp-content\/uploads\/2025\/05\/475579343_122126229212673563_9188010195396114782_n.jpg","contentUrl":"https:\/\/drborjacirujanopercutaneo.com\/wp-content\/uploads\/2025\/05\/475579343_122126229212673563_9188010195396114782_n.jpg","width":1303,"height":1307,"caption":"Drborjacirujanopercutaneo"},"image":{"@id":"https:\/\/drborjacirujanopercutaneo.com\/#\/schema\/logo\/image\/"},"sameAs":["https:\/\/www.facebook.com\/Dr.SantiagoBorja"]}]}},"_links":{"self":[{"href":"https:\/\/drborjacirujanopercutaneo.com\/index.php?rest_route=\/wp\/v2\/pages\/87","targetHints":{"allow":["GET"]}}],"collection":[{"href":"https:\/\/drborjacirujanopercutaneo.com\/index.php?rest_route=\/wp\/v2\/pages"}],"about":[{"href":"https:\/\/drborjacirujanopercutaneo.com\/index.php?rest_route=\/wp\/v2\/types\/page"}],"author":[{"embeddable":true,"href":"https:\/\/drborjacirujanopercutaneo.com\/index.php?rest_route=\/wp\/v2\/users\/1"}],"replies":[{"embeddable":true,"href":"https:\/\/drborjacirujanopercutaneo.com\/index.php?rest_route=%2Fwp%2Fv2%2Fcomments&post=87"}],"version-history":[{"count":18,"href":"https:\/\/drborjacirujanopercutaneo.com\/index.php?rest_route=\/wp\/v2\/pages\/87\/revisions"}],"predecessor-version":[{"id":633,"href":"https:\/\/drborjacirujanopercutaneo.com\/index.php?rest_route=\/wp\/v2\/pages\/87\/revisions\/633"}],"wp:attachment":[{"href":"https:\/\/drborjacirujanopercutaneo.com\/index.php?rest_route=%2Fwp%2Fv2%2Fmedia&parent=87"}],"curies":[{"name":"wp","href":"https:\/\/api.w.org\/{rel}","templated":true}]}}